{"id":688,"date":"2018-02-20T15:14:24","date_gmt":"2018-02-20T15:14:24","guid":{"rendered":"http:\/\/vielfalt-gruendet.de\/?page_id=688"},"modified":"2026-01-15T12:39:40","modified_gmt":"2026-01-15T10:39:40","slug":"presse","status":"publish","type":"page","link":"https:\/\/vielfalt-gruendet.de\/ar\/presse","title":{"rendered":"\u0627\u0644\u0635\u062d\u0627\u0641\u0629 \u0648\u0627\u0644\u062a\u0646\u0632\u064a\u0644\u0627\u062a"},"content":{"rendered":"<div data-elementor-type=\"wp-post\" data-elementor-id=\"688\" class=\"elementor elementor-688\" data-elementor-post-type=\"page\">\n\t\t\t\t\t\t<section data-particle_enable=\"false\" data-particle-mobile-disabled=\"false\" class=\"elementor-section elementor-top-section elementor-element elementor-element-7a27b09f elementor-section-boxed elementor-section-height-default elementor-section-height-default\" data-id=\"7a27b09f\" data-element_type=\"section\">\n\t\t\t\t\t\t<div class=\"elementor-container elementor-column-gap-default\">\n\t\t\t\t\t<div class=\"elementor-column elementor-col-100 elementor-top-column elementor-element elementor-element-6cda5ab2\" data-id=\"6cda5ab2\" data-element_type=\"column\">\n\t\t\t<div class=\"elementor-widget-wrap elementor-element-populated\">\n\t\t\t\t\t\t<div class=\"elementor-element elementor-element-29f99d3e elementor-widget elementor-widget-heading\" data-id=\"29f99d3e\" data-element_type=\"widget\" data-widget_type=\"heading.default\">\n\t\t\t\t<div class=\"elementor-widget-container\">\n\t\t\t\t\t<h2 class=\"elementor-heading-title elementor-size-default\">Pressemitteilungen<\/h2>\t\t\t\t<\/div>\n\t\t\t\t<\/div>\n\t\t\t\t<div class=\"elementor-element elementor-element-3aa4271 elementor-widget elementor-widget-spacer\" data-id=\"3aa4271\" data-element_type=\"widget\" data-widget_type=\"spacer.default\">\n\t\t\t\t<div class=\"elementor-widget-container\">\n\t\t\t\t\t\t\t<div class=\"elementor-spacer\">\n\t\t\t<div class=\"elementor-spacer-inner\"><\/div>\n\t\t<\/div>\n\t\t\t\t\t\t<\/div>\n\t\t\t\t<\/div>\n\t\t\t\t<div class=\"elementor-element elementor-element-53358d7 elementor-widget elementor-widget-text-editor\" data-id=\"53358d7\" data-element_type=\"widget\" data-widget_type=\"text-editor.default\">\n\t\t\t\t<div class=\"elementor-widget-container\">\n\t\t\t\t\t\t\t\t\t<a style=\"background-color: #ffffff; font-size: 1.1em;\" href=\"https:\/\/ariadne-an-der-spree.de\/wp-content\/uploads\/2020\/04\/Pressemitteilung-Vielfalt-gr%C3%BCndet-in-Zeiten-von-Corona.pdf\" target=\"_blank\" rel=\"noopener\">Pressemitteilung vom 21. April 2020<\/a>\n\nVielfalt gr\u00fcndet<span style=\"font-size: 1.1em;\"> in Zeiten von Corona<\/span>\n\n<a style=\"font-size: 1.1em; background-color: #ffffff;\" href=\"https:\/\/vielfalt-gruendet.de\/wp-content\/uploads\/2019\/10\/Seminarreihe-Vielfalt-gr%C3%BCndet_PM_deGUT-2019.pdf\" target=\"_blank\" rel=\"noopener\">Pressemitteilung vom 14. Oktober 2019<\/a>\n\n<span style=\"font-size: 1.1em;\">Mit Vielfalt zum Erfolg &#8211; Das Land Berlin unterst\u00fctzt Gr\u00fcndungsinteressierte mit mehrsprachiger Seminarreihe<\/span>\n\n<a style=\"font-size: 1.1em; background-color: #ffffff;\" href=\"https:\/\/vielfalt-gruendet.de\/wp-content\/uploads\/2018\/02\/PM_Orientierungsangebot-f%C3%BCr-Gr%C3%BCndungsinteressierte-nicht-deutscher-Herku....pdf\" target=\"_blank\" rel=\"noopener\">Pressemitteilung vom 07. Mai 2018<\/a>\n\n<span style=\"font-size: 1.1em;\">Mit Vielfalt zum Erfolg &#8211; Das Land Berlin unterst\u00fctzt Gr\u00fcndungsinteressierte mit mehrsprachiger Seminarreihe<\/span>\n\n<a style=\"font-size: 1.1em; background-color: #ffffff;\" href=\"https:\/\/vielfalt-gruendet.de\/wp-content\/uploads\/2018\/02\/Pressemitteilung_Vielfalt-gr%C3%BCndet-kulturspezifische-Seminare-in-Berlin1.pdf\" target=\"_blank\" rel=\"noopener\">Pressemitteilung vom 04. Mai 2017<\/a>\n\n<span style=\"font-size: 1.1em;\">Mehrsprachige Orientierungsseminare f\u00fcr Existenzgr\u00fcnderInnen<\/span>\n\n<a style=\"font-size: 1.1em; background-color: #ffffff;\" href=\"https:\/\/vielfalt-gruendet.de\/wp-content\/uploads\/2018\/02\/PM_Orientierungsangebot-f%C3%BCr-Gr%C3%BCndungsinteressierte-nicht-deutscher-Herku....pdf\" target=\"_blank\" rel=\"noopener\">Pressemitteilung vom 07. Dezember 2016<\/a>\n\n<span style=\"font-size: 1.1em;\">Orientierungsangebot f\u00fcr Gr\u00fcndungsinteressierte nicht deutscher Herkunft<\/span>\t\t\t\t\t\t\t\t<\/div>\n\t\t\t\t<\/div>\n\t\t\t\t<div class=\"elementor-element elementor-element-042680f elementor-widget elementor-widget-heading\" data-id=\"042680f\" data-element_type=\"widget\" data-widget_type=\"heading.default\">\n\t\t\t\t<div class=\"elementor-widget-container\">\n\t\t\t\t\t<h2 class=\"elementor-heading-title elementor-size-default\">Fact-Sheet und Flyer<\/h2>\t\t\t\t<\/div>\n\t\t\t\t<\/div>\n\t\t\t\t<div class=\"elementor-element elementor-element-2068f22 elementor-widget elementor-widget-text-editor\" data-id=\"2068f22\" data-element_type=\"widget\" data-widget_type=\"text-editor.default\">\n\t\t\t\t<div class=\"elementor-widget-container\">\n\t\t\t\t\t\t\t\t\t<p><a href=\"https:\/\/vielfalt-gruendet.de\/wp-content\/uploads\/2022\/05\/2022_Flyer-Vielfalt-gruendet-1.pdf\">Flyer 2022<\/a><\/p><p><a href=\"https:\/\/vielfalt-gruendet.de\/wp-content\/uploads\/2021\/11\/Vielfalt-gruendet_2021_Flyer.pdf\">Flyer 2021<\/a><\/p><p><a href=\"https:\/\/vielfalt-gruendet.de\/wp-content\/uploads\/2021\/11\/Factsheet_Vielfalt-gruendet.pdf\">Factsheet 2021 (Deutsch)<\/a><\/p><p><a href=\"https:\/\/vielfalt-gruendet.de\/wp-content\/uploads\/2021\/11\/Factsheet_Englisch_Vielfalt-gruendet.pdf\">Factsheet 2021 (Englisch)<\/a><\/p><p><a href=\"https:\/\/vielfalt-gruendet.de\/wp-content\/uploads\/2021\/11\/Vielfalt-gruendet-Flyer.pdf\">Flyer 2020<\/a><\/p><p><a href=\"https:\/\/vielfalt-gruendet.de\/wp-content\/uploads\/2021\/11\/Vielfalt-gruendet-Factsheet.pdf\">Factsheet 2020 (Deutsch)<\/a><\/p><p><a href=\"https:\/\/vielfalt-gruendet.de\/wp-content\/uploads\/2021\/11\/Vielfalt-gruendet-Factsheet-Englisch.pdf\">Factsheet 2020 (Englisch)<\/a><\/p><p><a href=\"https:\/\/vielfalt-gruendet.de\/wp-content\/uploads\/2019\/05\/190506_IBB_Seminarreihe_Flyer_Final_RZ_ohneSchnittmarken.pdf\">Flyer 2019<\/a><\/p><p><a style=\"background-color: #ffffff;\" href=\"https:\/\/vielfalt-gruendet.de\/wp-content\/uploads\/2019\/10\/Seminarreihe-Vielfalt-gr\u00fcndet_Factsheet-2019.pdf\">Fact-Sheet 2019<\/a><\/p><p><a style=\"background-color: #ffffff;\" href=\"https:\/\/vielfalt-gruendet.de\/wp-content\/uploads\/2019\/05\/Flyer_Vielfalt-gr%C3%BCndet_2018.pdf\">Flyer 2018<\/a><\/p><p><a href=\"https:\/\/vielfalt-gruendet.de\/wp-content\/uploads\/2019\/05\/Factsheet_Vielfalt-gr\u00fcndet_2018.pdf\">Fact-Sheet 2018<\/a><\/p><p><a href=\"https:\/\/vielfalt-gruendet.de\/wp-content\/uploads\/2018\/02\/Flyer_Vielfalt_gruendet.pdf\">Flyer 2017<\/a><\/p><p><a href=\"https:\/\/vielfalt-gruendet.de\/wp-content\/uploads\/2018\/02\/Factsheet_Vielfalt-gruendet.pdf\" target=\"_blank\" rel=\"noopener\">Fact-Sheet 2017<\/a><\/p>\t\t\t\t\t\t\t\t<\/div>\n\t\t\t\t<\/div>\n\t\t\t\t<div class=\"elementor-element elementor-element-2e0e918 elementor-widget elementor-widget-heading\" data-id=\"2e0e918\" data-element_type=\"widget\" data-widget_type=\"heading.default\">\n\t\t\t\t<div class=\"elementor-widget-container\">\n\t\t\t\t\t<h2 class=\"elementor-heading-title elementor-size-default\">Podcasts<\/h2>\t\t\t\t<\/div>\n\t\t\t\t<\/div>\n\t\t\t\t<div class=\"elementor-element elementor-element-01c12ac elementor-widget elementor-widget-text-editor\" data-id=\"01c12ac\" data-element_type=\"widget\" data-widget_type=\"text-editor.default\">\n\t\t\t\t<div class=\"elementor-widget-container\">\n\t\t\t\t\t\t\t\t\t<p>Unser Kooperationspartner\u00a0<a href=\"http:\/\/agit-polska.de\/wp\/\">agitPolska e.V.<\/a>\u00a0hat ein Interview f\u00fcr den Radiosender\u00a0<a href=\"http:\/\/www1.wdr.de\/radio\/cosmo\/uebersicht-cosmo-100.html\">Cosmo<\/a>\u00a0in Polnisch gegeben. Hier geht es zum\u00a0<a href=\"http:\/\/www1.wdr.de\/radio\/cosmo\/programm\/sendungen\/radio-po-polsku\/magdalena-ziomek-100.html\">Podcast<\/a>.<\/p><p>Walter Gaucks von Lyra e.V. und die Existenzgr\u00fcnder Zarko Jovicic und Dusan Stanisic im\u00a0<a href=\"http:\/\/ycbs.eu\/de\/2-uncategorised\/294-selbst%C3%A4ndig-in-der-neuen-heimat.html\">Interview<\/a>\u00a0f\u00fcr \u201eYCBS \u2013 Youth Connected By Sounds\u201c,\u00a0<a href=\"http:\/\/www.alex-berlin.de\/radio\/livestream.html\">88vier<\/a>\u00a0am 22. Oktober 2015<\/p><p>agitPolska e.V. im\u00a0<a href=\"http:\/\/www.funkhauseuropa.de\/sendungen\/polskimagazynradiowy\/agit-polska-warsztaty-100.html\" target=\"_blank\" rel=\"noopener\">Interview<\/a>, Funkhaus Europa am 24. September 2015<\/p><p>Birgit Leverenz von der Senatsverwaltung f\u00fcr Wirtschaft, Technologie und Forschung im\u00a0<a href=\"http:\/\/multicult.fm\/programm\/podcasts\/\">Interview<\/a>, multicult.fm am 10. September 2015<\/p>\t\t\t\t\t\t\t\t<\/div>\n\t\t\t\t<\/div>\n\t\t\t\t<div class=\"elementor-element elementor-element-f8f0d39 elementor-widget elementor-widget-heading\" data-id=\"f8f0d39\" data-element_type=\"widget\" data-widget_type=\"heading.default\">\n\t\t\t\t<div class=\"elementor-widget-container\">\n\t\t\t\t\t<h2 class=\"elementor-heading-title elementor-size-default\">Pressekontakt<\/h2>\t\t\t\t<\/div>\n\t\t\t\t<\/div>\n\t\t\t\t<div class=\"elementor-element elementor-element-2a9d2441 elementor-widget elementor-widget-text-editor\" data-id=\"2a9d2441\" data-element_type=\"widget\" data-widget_type=\"text-editor.default\">\n\t\t\t\t<div class=\"elementor-widget-container\">\n\t\t\t\t\t\t\t\t\t<p>ariadne an der spree GmbH | Penelope Rosskopf<br \/>Tel.: 030 259 259 27<br \/>E-Mail:\u00a0<a href=\"mailto:vielfalt@ariadne-an-der-spree.de\">vielfalt@ariadne-an-der-spree.de<\/a><\/p>\t\t\t\t\t\t\t\t<\/div>\n\t\t\t\t<\/div>\n\t\t\t\t\t<\/div>\n\t\t<\/div>\n\t\t\t\t\t<\/div>\n\t\t<\/section>\n\t\t\t\t<\/div>","protected":false},"excerpt":{"rendered":"<p>Pressemitteilungen Pressemitteilung vom 21. April 2020 Vielfalt gr\u00fcndet in Zeiten von Corona Pressemitteilung vom 14. Oktober 2019 Mit Vielfalt zum Erfolg &#8211; Das Land Berlin unterst\u00fctzt Gr\u00fcndungsinteressierte mit mehrsprachiger Seminarreihe Pressemitteilung vom 07. Mai 2018 Mit Vielfalt zum Erfolg &#8211; Das Land Berlin unterst\u00fctzt Gr\u00fcndungsinteressierte mit mehrsprachiger Seminarreihe Pressemitteilung vom 04. Mai 2017 Mehrsprachige Orientierungsseminare [&hellip;]<\/p>\n","protected":false},"author":1,"featured_media":0,"parent":0,"menu_order":0,"comment_status":"closed","ping_status":"closed","template":"","meta":{"footnotes":""},"categories":[],"tags":[],"class_list":["post-688","page","type-page","status-publish","hentry"],"_links":{"self":[{"href":"https:\/\/vielfalt-gruendet.de\/ar\/wp-json\/wp\/v2\/pages\/688","targetHints":{"allow":["GET"]}}],"collection":[{"href":"https:\/\/vielfalt-gruendet.de\/ar\/wp-json\/wp\/v2\/pages"}],"about":[{"href":"https:\/\/vielfalt-gruendet.de\/ar\/wp-json\/wp\/v2\/types\/page"}],"author":[{"embeddable":true,"href":"https:\/\/vielfalt-gruendet.de\/ar\/wp-json\/wp\/v2\/users\/1"}],"replies":[{"embeddable":true,"href":"https:\/\/vielfalt-gruendet.de\/ar\/wp-json\/wp\/v2\/comments?post=688"}],"version-history":[{"count":67,"href":"https:\/\/vielfalt-gruendet.de\/ar\/wp-json\/wp\/v2\/pages\/688\/revisions"}],"predecessor-version":[{"id":12525,"href":"https:\/\/vielfalt-gruendet.de\/ar\/wp-json\/wp\/v2\/pages\/688\/revisions\/12525"}],"wp:attachment":[{"href":"https:\/\/vielfalt-gruendet.de\/ar\/wp-json\/wp\/v2\/media?parent=688"}],"wp:term":[{"taxonomy":"category","embeddable":true,"href":"https:\/\/vielfalt-gruendet.de\/ar\/wp-json\/wp\/v2\/categories?post=688"},{"taxonomy":"post_tag","embeddable":true,"href":"https:\/\/vielfalt-gruendet.de\/ar\/wp-json\/wp\/v2\/tags?post=688"}],"curies":[{"name":"wp","href":"https:\/\/api.w.org\/{rel}","templated":true}]}}