{"id":297,"date":"2018-02-19T10:44:42","date_gmt":"2018-02-19T10:44:42","guid":{"rendered":"http:\/\/vielfalt-gruendet.de\/?page_id=297"},"modified":"2019-09-11T13:58:13","modified_gmt":"2019-09-11T13:58:13","slug":"allgemeine-teilnahmebedingungen","status":"publish","type":"page","link":"https:\/\/vielfalt-gruendet.de\/en\/allgemeine-teilnahmebedingungen","title":{"rendered":"Allgemeine Teilnahmebedingungen"},"content":{"rendered":"<div data-elementor-type=\"wp-post\" data-elementor-id=\"297\" class=\"elementor elementor-297\" data-elementor-post-type=\"page\">\n\t\t\t\t\t\t<section data-particle_enable=\"false\" data-particle-mobile-disabled=\"false\" class=\"elementor-section elementor-top-section elementor-element elementor-element-2571f836 elementor-section-boxed elementor-section-height-default elementor-section-height-default\" data-id=\"2571f836\" data-element_type=\"section\">\n\t\t\t\t\t\t<div class=\"elementor-container elementor-column-gap-default\">\n\t\t\t\t\t<div class=\"elementor-column elementor-col-100 elementor-top-column elementor-element elementor-element-77df52bf\" data-id=\"77df52bf\" data-element_type=\"column\">\n\t\t\t<div class=\"elementor-widget-wrap elementor-element-populated\">\n\t\t\t\t\t\t<div class=\"elementor-element elementor-element-20e1415f elementor-widget elementor-widget-heading\" data-id=\"20e1415f\" data-element_type=\"widget\" data-widget_type=\"heading.default\">\n\t\t\t\t<div class=\"elementor-widget-container\">\n\t\t\t\t\t<h2 class=\"elementor-heading-title elementor-size-default\">Allgemeine Teilnahmebedingungen<\/h2>\t\t\t\t<\/div>\n\t\t\t\t<\/div>\n\t\t\t\t\t<\/div>\n\t\t<\/div>\n\t\t\t\t\t<\/div>\n\t\t<\/section>\n\t\t\t\t<section data-particle_enable=\"false\" data-particle-mobile-disabled=\"false\" class=\"elementor-section elementor-top-section elementor-element elementor-element-3c98e738 elementor-section-boxed elementor-section-height-default elementor-section-height-default\" data-id=\"3c98e738\" data-element_type=\"section\">\n\t\t\t\t\t\t<div class=\"elementor-container elementor-column-gap-default\">\n\t\t\t\t\t<div class=\"elementor-column elementor-col-100 elementor-top-column elementor-element elementor-element-73ee64cd\" data-id=\"73ee64cd\" data-element_type=\"column\">\n\t\t\t<div class=\"elementor-widget-wrap elementor-element-populated\">\n\t\t\t\t\t\t<div class=\"elementor-element elementor-element-11253d30 elementor-widget elementor-widget-text-editor\" data-id=\"11253d30\" data-element_type=\"widget\" data-widget_type=\"text-editor.default\">\n\t\t\t\t<div class=\"elementor-widget-container\">\n\t\t\t\t\t\t\t\t\t<p><a href=\"https:\/\/vielfalt-gruendet.de\/wp-content\/uploads\/2018\/02\/TN-Bedingungen_deutsch.pdf\">o Allgemeine Teilnahmebedingungen<\/a><br \/><a href=\"https:\/\/vielfalt-gruendet.de\/wp-content\/uploads\/2018\/02\/TN-Bedingungen_englisch.pdf\">o Terms and conditions<\/a><br \/><a href=\"https:\/\/vielfalt-gruendet.de\/wp-content\/uploads\/2018\/02\/TN-Bedingungen_polnisch.pdf\">o Og\u00f3lne warunki uczestnictwa<\/a><br \/><a href=\"https:\/\/vielfalt-gruendet.de\/wp-content\/uploads\/2018\/02\/Anmeldeformular_T\u00fcrkisch.pdf\">o Genel Kat\u0131l\u0131m Ko\u015fullar\u0131<\/a><br \/><a href=\"https:\/\/vielfalt-gruendet.de\/wp-content\/uploads\/2018\/02\/TB_AR.pdf\">o \ufeb7\ufead\ufeed\ufec1 \ufe8d\ufedf\ufee3\ufeb7\ufe8e\ufead\ufedb\ufe94 \ufe8d\ufedf\ufecc\ufe8e\ufee3\ufe94<\/a><br \/><a href=\"https:\/\/vielfalt-gruendet.de\/wp-content\/uploads\/2018\/02\/TN-Bedingungen_serbisch.pdf\">o Op\u0161ti uslovi za u\u010de\u0161\u0107e<\/a><br \/><a href=\"https:\/\/vielfalt-gruendet.de\/wp-content\/uploads\/2018\/02\/TN-Bedingungen_russisch.pdf\">o \u041e\u0431\u0449\u0438\u0435 \u0443\u0441\u043b\u043e\u0432\u0438\u044f \u0443\u0447\u0430\u0441\u0442\u0438\u044f<\/a><br \/><a href=\"https:\/\/vielfalt-gruendet.de\/wp-content\/uploads\/2018\/02\/TN-Bedingungen_vietnamesisch.pdf\">o \u0110\u0103ng k\u00fd<\/a><br \/><a href=\"https:\/\/vielfalt-gruendet.de\/wp-content\/uploads\/2018\/02\/TB_spanisch.pdf\">o Condiciones generales de participaci\u00f3n<\/a><br \/><a href=\"https:\/\/vielfalt-gruendet.de\/wp-content\/uploads\/2018\/02\/TG_KU.pdf\">o \u015eert\u00ean tevay\u00ee e ba\u015fdarb\u00fbn e .<\/a><br \/><a href=\"https:\/\/vielfalt-gruendet.de\/wp-content\/uploads\/2018\/02\/TB_FA.pdf\">o \u0634\u0631\u0627\u06cc\u0637 \u0639\u0645\u0648\u0645\u06cc \u0634\u0631\u06a9\u062a<\/a><\/p>\t\t\t\t\t\t\t\t<\/div>\n\t\t\t\t<\/div>\n\t\t\t\t\t<\/div>\n\t\t<\/div>\n\t\t\t\t\t<\/div>\n\t\t<\/section>\n\t\t\t\t<\/div>","protected":false},"excerpt":{"rendered":"<p>Allgemeine Teilnahmebedingungen o Allgemeine Teilnahmebedingungeno Terms and conditionso Og\u00f3lne warunki uczestnictwao Genel Kat\u0131l\u0131m Ko\u015fullar\u0131o \ufeb7\ufead\ufeed\ufec1 \ufe8d\ufedf\ufee3\ufeb7\ufe8e\ufead\ufedb\ufe94 \ufe8d\ufedf\ufecc\ufe8e\ufee3\ufe94o Op\u0161ti uslovi za u\u010de\u0161\u0107eo \u041e\u0431\u0449\u0438\u0435 \u0443\u0441\u043b\u043e\u0432\u0438\u044f \u0443\u0447\u0430\u0441\u0442\u0438\u044fo \u0110\u0103ng k\u00fdo Condiciones generales de participaci\u00f3no \u015eert\u00ean tevay\u00ee e ba\u015fdarb\u00fbn e .o \u0634\u0631\u0627\u06cc\u0637 \u0639\u0645\u0648\u0645\u06cc \u0634\u0631\u06a9\u062a<\/p>","protected":false},"author":1,"featured_media":0,"parent":0,"menu_order":0,"comment_status":"closed","ping_status":"closed","template":"","meta":{"footnotes":""},"categories":[],"tags":[],"class_list":["post-297","page","type-page","status-publish","hentry"],"_links":{"self":[{"href":"https:\/\/vielfalt-gruendet.de\/en\/wp-json\/wp\/v2\/pages\/297","targetHints":{"allow":["GET"]}}],"collection":[{"href":"https:\/\/vielfalt-gruendet.de\/en\/wp-json\/wp\/v2\/pages"}],"about":[{"href":"https:\/\/vielfalt-gruendet.de\/en\/wp-json\/wp\/v2\/types\/page"}],"author":[{"embeddable":true,"href":"https:\/\/vielfalt-gruendet.de\/en\/wp-json\/wp\/v2\/users\/1"}],"replies":[{"embeddable":true,"href":"https:\/\/vielfalt-gruendet.de\/en\/wp-json\/wp\/v2\/comments?post=297"}],"version-history":[{"count":4,"href":"https:\/\/vielfalt-gruendet.de\/en\/wp-json\/wp\/v2\/pages\/297\/revisions"}],"predecessor-version":[{"id":11370,"href":"https:\/\/vielfalt-gruendet.de\/en\/wp-json\/wp\/v2\/pages\/297\/revisions\/11370"}],"wp:attachment":[{"href":"https:\/\/vielfalt-gruendet.de\/en\/wp-json\/wp\/v2\/media?parent=297"}],"wp:term":[{"taxonomy":"category","embeddable":true,"href":"https:\/\/vielfalt-gruendet.de\/en\/wp-json\/wp\/v2\/categories?post=297"},{"taxonomy":"post_tag","embeddable":true,"href":"https:\/\/vielfalt-gruendet.de\/en\/wp-json\/wp\/v2\/tags?post=297"}],"curies":[{"name":"wp","href":"https:\/\/api.w.org\/{rel}","templated":true}]}}