{"id":465,"date":"2018-02-19T15:19:24","date_gmt":"2018-02-19T15:19:24","guid":{"rendered":"http:\/\/vielfalt-gruendet.de\/?page_id=465"},"modified":"2026-01-15T11:25:21","modified_gmt":"2026-01-15T09:25:21","slug":"kontakt","status":"publish","type":"page","link":"https:\/\/vielfalt-gruendet.de\/en\/kontakt","title":{"rendered":"Contact"},"content":{"rendered":"<div data-elementor-type=\"wp-post\" data-elementor-id=\"465\" class=\"elementor elementor-465\" data-elementor-post-type=\"page\">\n\t\t\t\t\t\t<section data-particle_enable=\"false\" data-particle-mobile-disabled=\"false\" class=\"elementor-section elementor-top-section elementor-element elementor-element-26496326 elementor-section-boxed elementor-section-height-default elementor-section-height-default\" data-id=\"26496326\" data-element_type=\"section\">\n\t\t\t\t\t\t<div class=\"elementor-container elementor-column-gap-default\">\n\t\t\t\t\t<div class=\"elementor-column elementor-col-100 elementor-top-column elementor-element elementor-element-f88875b\" data-id=\"f88875b\" data-element_type=\"column\">\n\t\t\t<div class=\"elementor-widget-wrap elementor-element-populated\">\n\t\t\t\t\t\t<div class=\"elementor-element elementor-element-57db32e2 elementor-widget elementor-widget-heading\" data-id=\"57db32e2\" data-element_type=\"widget\" data-widget_type=\"heading.default\">\n\t\t\t\t<div class=\"elementor-widget-container\">\n\t\t\t\t\t<h2 class=\"elementor-heading-title elementor-size-default\">Contact<\/h2>\t\t\t\t<\/div>\n\t\t\t\t<\/div>\n\t\t\t\t<div class=\"elementor-element elementor-element-125fea5f elementor-widget elementor-widget-text-editor\" data-id=\"125fea5f\" data-element_type=\"widget\" data-widget_type=\"text-editor.default\">\n\t\t\t\t<div class=\"elementor-widget-container\">\n\t\t\t\t\t\t\t\t\t<p>F\u00fcr Fragen und Anregungen zur Seminarreihe f\u00fcr Existenzgr\u00fcnderInnen mit Migrationshintergrund stehen wir Ihnen gern zur Verf\u00fcgung.<\/p>\t\t\t\t\t\t\t\t<\/div>\n\t\t\t\t<\/div>\n\t\t\t\t<div class=\"elementor-element elementor-element-f2d39a9 elementor-widget elementor-widget-heading\" data-id=\"f2d39a9\" data-element_type=\"widget\" data-widget_type=\"heading.default\">\n\t\t\t\t<div class=\"elementor-widget-container\">\n\t\t\t\t\t<h2 class=\"elementor-heading-title elementor-size-default\">Organisation und Durchf\u00fchrung<\/h2>\t\t\t\t<\/div>\n\t\t\t\t<\/div>\n\t\t\t\t<div class=\"elementor-element elementor-element-517d531 elementor-widget elementor-widget-text-editor\" data-id=\"517d531\" data-element_type=\"widget\" data-widget_type=\"text-editor.default\">\n\t\t\t\t<div class=\"elementor-widget-container\">\n\t\t\t\t\t\t\t\t\t<p>ariadne an der spree GmbH<\/p><p>Ansprechpartnerin:<br \/>Penelope Rosskopf<br \/>ariadne an der spree GmbH<br \/><a href=\"tel:030259259;ext=0\">+49 (0)30 259 259 \u2013 0<\/a><br \/><a href=\"mailto:vielfalt@ariadne-an-der-spree.de\">vielfalt@ariadne-an-der-spree.de<\/a><\/p><p>Die ariadne an der spree GmbH wurde mit der Organisation und Durchf\u00fchrung der Seminarreihe von der Investitionsbank Berlin beauftragt.<\/p>\t\t\t\t\t\t\t\t<\/div>\n\t\t\t\t<\/div>\n\t\t\t\t<div class=\"elementor-element elementor-element-cc78f78 elementor-widget elementor-widget-heading\" data-id=\"cc78f78\" data-element_type=\"widget\" data-widget_type=\"heading.default\">\n\t\t\t\t<div class=\"elementor-widget-container\">\n\t\t\t\t\t<h2 class=\"elementor-heading-title elementor-size-default\">Veranstalterinnen<\/h2>\t\t\t\t<\/div>\n\t\t\t\t<\/div>\n\t\t\t\t<div class=\"elementor-element elementor-element-e279adb elementor-widget elementor-widget-text-editor\" data-id=\"e279adb\" data-element_type=\"widget\" data-widget_type=\"text-editor.default\">\n\t\t\t\t<div class=\"elementor-widget-container\">\n\t\t\t\t\t\t\t\t\t<p><strong>Senatsverwaltung f\u00fcr Wirtschaft, Energie und Betriebe<\/strong><br \/>Referat f\u00fcr Grundsatzangelegenheiten der Wirtschaftspolitik<br \/>Ansprechpartnerin: Birgit Leverenz, II A 5<br \/>Martin-Luther-Stra\u00dfe 105 | 10825 Berlin<\/p><p>Tel.: 030 901 382 04 | Fax: 030 901 375 97<br \/>E-Mail:\u00a0<a class=\"mail\" href=\"mailto:birgit.leverenz@senweb.berlin.de\">birgit.leverenz@senweb.berlin.de<\/a><br \/>Website:\u00a0<a href=\"http:\/\/www.berlin.de\/sen\/wirtschaft\/\" target=\"_blank\" rel=\"noopener\">www.berlin.de\/sen\/wirtschaft<\/a><\/p>\t\t\t\t\t\t\t\t<\/div>\n\t\t\t\t<\/div>\n\t\t\t\t\t<\/div>\n\t\t<\/div>\n\t\t\t\t\t<\/div>\n\t\t<\/section>\n\t\t\t\t<\/div>","protected":false},"excerpt":{"rendered":"<p>Kontakt F\u00fcr Fragen und Anregungen zur Seminarreihe f\u00fcr Existenzgr\u00fcnderInnen mit Migrationshintergrund stehen wir Ihnen gern zur Verf\u00fcgung. Organisation und Durchf\u00fchrung ariadne an der spree GmbH Ansprechpartnerin:Penelope Rosskopfariadne an der spree GmbH+49 (0)30 259 259 \u2013 0vielfalt@ariadne-an-der-spree.de Die ariadne an der spree GmbH wurde mit der Organisation und Durchf\u00fchrung der Seminarreihe von der Investitionsbank Berlin beauftragt. [&hellip;]<\/p>\n","protected":false},"author":1,"featured_media":0,"parent":0,"menu_order":0,"comment_status":"closed","ping_status":"closed","template":"","meta":{"footnotes":""},"categories":[],"tags":[],"class_list":["post-465","page","type-page","status-publish","hentry"],"_links":{"self":[{"href":"https:\/\/vielfalt-gruendet.de\/en\/wp-json\/wp\/v2\/pages\/465","targetHints":{"allow":["GET"]}}],"collection":[{"href":"https:\/\/vielfalt-gruendet.de\/en\/wp-json\/wp\/v2\/pages"}],"about":[{"href":"https:\/\/vielfalt-gruendet.de\/en\/wp-json\/wp\/v2\/types\/page"}],"author":[{"embeddable":true,"href":"https:\/\/vielfalt-gruendet.de\/en\/wp-json\/wp\/v2\/users\/1"}],"replies":[{"embeddable":true,"href":"https:\/\/vielfalt-gruendet.de\/en\/wp-json\/wp\/v2\/comments?post=465"}],"version-history":[{"count":12,"href":"https:\/\/vielfalt-gruendet.de\/en\/wp-json\/wp\/v2\/pages\/465\/revisions"}],"predecessor-version":[{"id":12473,"href":"https:\/\/vielfalt-gruendet.de\/en\/wp-json\/wp\/v2\/pages\/465\/revisions\/12473"}],"wp:attachment":[{"href":"https:\/\/vielfalt-gruendet.de\/en\/wp-json\/wp\/v2\/media?parent=465"}],"wp:term":[{"taxonomy":"category","embeddable":true,"href":"https:\/\/vielfalt-gruendet.de\/en\/wp-json\/wp\/v2\/categories?post=465"},{"taxonomy":"post_tag","embeddable":true,"href":"https:\/\/vielfalt-gruendet.de\/en\/wp-json\/wp\/v2\/tags?post=465"}],"curies":[{"name":"wp","href":"https:\/\/api.w.org\/{rel}","templated":true}]}}