{"id":9509,"date":"2022-06-24T13:47:35","date_gmt":"2022-06-24T13:47:35","guid":{"rendered":"https:\/\/vielfalt-gruendet.de\/?page_id=9509"},"modified":"2026-01-28T15:22:54","modified_gmt":"2026-01-28T13:22:54","slug":"ukrainian","status":"publish","type":"page","link":"https:\/\/vielfalt-gruendet.de\/es\/ukrainian","title":{"rendered":"Ukrainian"},"content":{"rendered":"<div data-elementor-type=\"wp-page\" data-elementor-id=\"9509\" class=\"elementor elementor-9509\" data-elementor-post-type=\"page\">\n\t\t\t\t\t\t<section data-particle_enable=\"false\" data-particle-mobile-disabled=\"false\" class=\"elementor-section elementor-top-section elementor-element elementor-element-585e96d elementor-section-boxed elementor-section-height-default elementor-section-height-default\" data-id=\"585e96d\" data-element_type=\"section\">\n\t\t\t\t\t\t<div class=\"elementor-container elementor-column-gap-default\">\n\t\t\t\t\t<div class=\"elementor-column elementor-col-100 elementor-top-column elementor-element elementor-element-ef6dfee\" data-id=\"ef6dfee\" data-element_type=\"column\">\n\t\t\t<div class=\"elementor-widget-wrap elementor-element-populated\">\n\t\t\t\t\t\t<div class=\"elementor-element elementor-element-ab04923 elementor-widget elementor-widget-heading\" data-id=\"ab04923\" data-element_type=\"widget\" data-widget_type=\"heading.default\">\n\t\t\t\t<div class=\"elementor-widget-container\">\n\t\t\t\t\t<h2 class=\"elementor-heading-title elementor-size-default\">Neu seit 2022: Existenzgr\u00fcndungsseminar auf Deutsch und Ukrainisch<\/h2>\t\t\t\t<\/div>\n\t\t\t\t<\/div>\n\t\t\t\t\t<\/div>\n\t\t<\/div>\n\t\t\t\t\t<\/div>\n\t\t<\/section>\n\t\t\t\t<section data-particle_enable=\"false\" data-particle-mobile-disabled=\"false\" class=\"elementor-section elementor-top-section elementor-element elementor-element-4ee9b81 elementor-section-boxed elementor-section-height-default elementor-section-height-default\" data-id=\"4ee9b81\" data-element_type=\"section\">\n\t\t\t\t\t\t<div class=\"elementor-container elementor-column-gap-default\">\n\t\t\t\t\t<div class=\"elementor-column elementor-col-100 elementor-top-column elementor-element elementor-element-b0bd0aa\" data-id=\"b0bd0aa\" data-element_type=\"column\">\n\t\t\t<div class=\"elementor-widget-wrap elementor-element-populated\">\n\t\t\t\t\t\t<div class=\"elementor-element elementor-element-05592eb elementor-widget elementor-widget-text-editor\" data-id=\"05592eb\" data-element_type=\"widget\" data-widget_type=\"text-editor.default\">\n\t\t\t\t<div class=\"elementor-widget-container\">\n\t\t\t\t\t\t\t\t\t<p><\/p><p><\/p>\t\t\t\t\t\t\t\t<\/div>\n\t\t\t\t<\/div>\n\t\t\t\t\t<\/div>\n\t\t<\/div>\n\t\t\t\t\t<\/div>\n\t\t<\/section>\n\t\t\t\t<section data-particle_enable=\"false\" data-particle-mobile-disabled=\"false\" class=\"elementor-section elementor-top-section elementor-element elementor-element-09e952d elementor-section-boxed elementor-section-height-default elementor-section-height-default\" data-id=\"09e952d\" data-element_type=\"section\">\n\t\t\t\t\t\t<div class=\"elementor-container elementor-column-gap-default\">\n\t\t\t\t\t<div class=\"elementor-column elementor-col-100 elementor-top-column elementor-element elementor-element-9d0d5db\" data-id=\"9d0d5db\" data-element_type=\"column\">\n\t\t\t<div class=\"elementor-widget-wrap elementor-element-populated\">\n\t\t\t\t\t\t<div class=\"elementor-element elementor-element-85de8ad elementor-widget elementor-widget-heading\" data-id=\"85de8ad\" data-element_type=\"widget\" data-widget_type=\"heading.default\">\n\t\t\t\t<div class=\"elementor-widget-container\">\n\t\t\t\t\t<h2 class=\"elementor-heading-title elementor-size-default\">En resumen<\/h2>\t\t\t\t<\/div>\n\t\t\t\t<\/div>\n\t\t\t\t\t<\/div>\n\t\t<\/div>\n\t\t\t\t\t<\/div>\n\t\t<\/section>\n\t\t\t\t<section data-particle_enable=\"false\" data-particle-mobile-disabled=\"false\" class=\"elementor-section elementor-top-section elementor-element elementor-element-76afc55 elementor-section-boxed elementor-section-height-default elementor-section-height-default\" data-id=\"76afc55\" data-element_type=\"section\">\n\t\t\t\t\t\t<div class=\"elementor-container elementor-column-gap-default\">\n\t\t\t\t\t<div class=\"elementor-column elementor-col-100 elementor-top-column elementor-element elementor-element-5d9fb15\" data-id=\"5d9fb15\" data-element_type=\"column\">\n\t\t\t<div class=\"elementor-widget-wrap elementor-element-populated\">\n\t\t\t\t\t\t<div class=\"elementor-element elementor-element-e4de3b4 elementor-widget elementor-widget-text-editor\" data-id=\"e4de3b4\" data-element_type=\"widget\" data-widget_type=\"text-editor.default\">\n\t\t\t\t<div class=\"elementor-widget-container\">\n\t\t\t\t\t\t\t\t\t<section data-particle_enable=\"false\" data-particle-mobile-disabled=\"false\" data-id=\"1dbe49ef\" data-element_type=\"section\"><div data-id=\"47826d6c\" data-element_type=\"column\"><div data-id=\"7c951b2\" data-element_type=\"widget\" data-widget_type=\"text-editor.default\"><p><\/p><h3><\/p><h3>Socios de cooperaci\u00f3n:<\/h3><p>El seminario se organiza en colaboraci\u00f3n con\u00a0<a href=\"http:\/\/www.guwbi.de\/\" target=\"_blank\" rel=\"noopener\">GUWBI e. V.<\/a>\u00a0 y <a href=\"https:\/\/www.club-dialog.de\/de\/\">Club Dialog e.V.<\/a> .<\/p><p>Seit 2006 hat GUWBI es sich zur Aufgabe gemacht, die \u00f6konomischen Rahmenbedingungen f\u00fcr Berliner*innen mit Migrationshintergrund und \u201eAusl\u00e4nder*innen\u201c zu verbessern und ihre Partizipation zu f\u00f6rdern. Gerade f\u00fcr Migranten*innen und \u201eAusl\u00e4nder*innen\u201c bietet die Selbstst\u00e4ndigkeit eine M\u00f6glichkeit zur wirtschaftlichen Verbesserung der eigenen Situation. Hier setzen Beratung und Schulungen der GUWBI an.<\/p><p>Der Club Dialog e.V. in Berlin zeichnet sich durch sein umfassendes<br \/>Engagement f\u00fcr ukrainische und russische Menschen aus, die aufgrund des<br \/>Krieges nach Berlin gekommen sind. Der Verein bietet vielf\u00e4ltige<br \/>Unterst\u00fctzung, darunter Beratung, Informationsveranstaltungen und Hilfe<br \/>bei der Integration<\/p><h3>Los oradores:<\/h3><p><strong>G\u00f6n\u00fcl Nar<\/strong><\/p><p>G\u00f6n\u00fcl Nar es coach empresarial desde 2005 y consultor de empresas desde 2000. Desde entonces, ha ofrecido con \u00e9xito seminarios sobre el tema de las empresas de nueva creaci\u00f3n y ha guiado a los fundadores hacia el \u00e9xito.<\/p><\/div><\/div><\/section><section data-particle_enable=\"false\" data-particle-mobile-disabled=\"false\" data-id=\"ebd8761\" data-element_type=\"section\"><div><div><div data-id=\"4c491a0\" data-element_type=\"column\">\u00a0<\/div><\/div><\/div><\/section>\t\t\t\t\t\t\t\t<\/div>\n\t\t\t\t<\/div>\n\t\t\t\t\t<\/div>\n\t\t<\/div>\n\t\t\t\t\t<\/div>\n\t\t<\/section>\n\t\t\t\t<\/div>","protected":false},"excerpt":{"rendered":"<p>Neu seit 2022: Existenzgr\u00fcndungsseminar auf Deutsch und Ukrainisch \u00dcberblick Kooperationspartner*innen: Das Seminar wird in Kooperation mit\u00a0GUWBI e. V.\u00a0 und Club Dialog e.V. durchgef\u00fchrt. Seit 2006 hat GUWBI es sich zur Aufgabe gemacht, die \u00f6konomischen Rahmenbedingungen f\u00fcr Berliner*innen mit Migrationshintergrund und \u201eAusl\u00e4nder*innen\u201c zu verbessern und ihre Partizipation zu f\u00f6rdern. Gerade f\u00fcr Migranten*innen und \u201eAusl\u00e4nder*innen\u201c bietet die [&hellip;]<\/p>\n","protected":false},"author":4,"featured_media":3577,"parent":0,"menu_order":0,"comment_status":"closed","ping_status":"closed","template":"","meta":{"footnotes":""},"categories":[19],"tags":[],"class_list":["post-9509","page","type-page","status-publish","has-post-thumbnail","hentry","category-seminare"],"_links":{"self":[{"href":"https:\/\/vielfalt-gruendet.de\/es\/wp-json\/wp\/v2\/pages\/9509","targetHints":{"allow":["GET"]}}],"collection":[{"href":"https:\/\/vielfalt-gruendet.de\/es\/wp-json\/wp\/v2\/pages"}],"about":[{"href":"https:\/\/vielfalt-gruendet.de\/es\/wp-json\/wp\/v2\/types\/page"}],"author":[{"embeddable":true,"href":"https:\/\/vielfalt-gruendet.de\/es\/wp-json\/wp\/v2\/users\/4"}],"replies":[{"embeddable":true,"href":"https:\/\/vielfalt-gruendet.de\/es\/wp-json\/wp\/v2\/comments?post=9509"}],"version-history":[{"count":73,"href":"https:\/\/vielfalt-gruendet.de\/es\/wp-json\/wp\/v2\/pages\/9509\/revisions"}],"predecessor-version":[{"id":12569,"href":"https:\/\/vielfalt-gruendet.de\/es\/wp-json\/wp\/v2\/pages\/9509\/revisions\/12569"}],"wp:featuredmedia":[{"embeddable":true,"href":"https:\/\/vielfalt-gruendet.de\/es\/wp-json\/wp\/v2\/media\/3577"}],"wp:attachment":[{"href":"https:\/\/vielfalt-gruendet.de\/es\/wp-json\/wp\/v2\/media?parent=9509"}],"wp:term":[{"taxonomy":"category","embeddable":true,"href":"https:\/\/vielfalt-gruendet.de\/es\/wp-json\/wp\/v2\/categories?post=9509"},{"taxonomy":"post_tag","embeddable":true,"href":"https:\/\/vielfalt-gruendet.de\/es\/wp-json\/wp\/v2\/tags?post=9509"}],"curies":[{"name":"wp","href":"https:\/\/api.w.org\/{rel}","templated":true}]}}