{"id":5081,"date":"2019-11-19T10:41:15","date_gmt":"2019-11-19T10:41:15","guid":{"rendered":"https:\/\/vielfalt-gruendet.de\/?page_id=5081"},"modified":"2026-01-15T13:00:34","modified_gmt":"2026-01-15T11:00:34","slug":"serbokroatisch-deutsch","status":"publish","type":"page","link":"https:\/\/vielfalt-gruendet.de\/fa\/serbokroatisch-deutsch","title":{"rendered":"Srpskohrvatski"},"content":{"rendered":"\t\t<div data-elementor-type=\"wp-post\" data-elementor-id=\"5081\" class=\"elementor elementor-5081\" data-elementor-post-type=\"page\">\n\t\t\t\t\t\t<section data-particle_enable=\"false\" data-particle-mobile-disabled=\"false\" class=\"elementor-section elementor-top-section elementor-element elementor-element-54abcc3f form elementor-section-boxed elementor-section-height-default elementor-section-height-default\" data-id=\"54abcc3f\" data-element_type=\"section\">\n\t\t\t\t\t\t<div class=\"elementor-container elementor-column-gap-default\">\n\t\t\t\t\t<div class=\"elementor-column elementor-col-100 elementor-top-column elementor-element elementor-element-313c8cb7\" data-id=\"313c8cb7\" data-element_type=\"column\">\n\t\t\t<div class=\"elementor-widget-wrap elementor-element-populated\">\n\t\t\t\t\t\t<div class=\"elementor-element elementor-element-3b11bd9c elementor-widget elementor-widget-heading\" data-id=\"3b11bd9c\" data-element_type=\"widget\" data-widget_type=\"heading.default\">\n\t\t\t\t<div class=\"elementor-widget-container\">\n\t\t\t\t\t<h2 class=\"elementor-heading-title elementor-size-default\">Existenzgr\u00fcndungsseminare f\u00fcr Menschen mit serbokroatischen, bosnischen und montenigrinischen Sprachkenntnissen<\/h2>\t\t\t\t<\/div>\n\t\t\t\t<\/div>\n\t\t\t\t<div class=\"elementor-element elementor-element-647f5ad2 elementor-widget elementor-widget-text-editor\" data-id=\"647f5ad2\" data-element_type=\"widget\" data-widget_type=\"text-editor.default\">\n\t\t\t\t<div class=\"elementor-widget-container\">\n\t\t\t\t\t\t\t\t\t<p>Sie m\u00f6chten ein Unternehmen gr\u00fcnden, kennen die Schritte zur Selbstst\u00e4ndigkeit aber noch nicht? Sie sprechen Deutsch, w\u00fcrden sich aber freuen, zus\u00e4tzlich Informationen in Serbokroatisch zu erhalten und andere Gr\u00fcndungsinteressierte aus Ihrer Community zu treffen?&nbsp;<\/p>\n<p>Dann melden Sie sich f\u00fcr unser kulturspezifisches Orientierungsseminar auf Serbokroatisch an! An einem Tag bekommen Sie die wichtigsten Informationen zum Thema Gr\u00fcndung und werden pers\u00f6nlich und kompetent beraten.&nbsp;<\/p>\n<p>Die Teilnahmegeb\u00fchr betr\u00e4gt 10,00 Euro.<\/p>\t\t\t\t\t\t\t\t<\/div>\n\t\t\t\t<\/div>\n\t\t\t\t<div class=\"elementor-element elementor-element-2b48bed9 elementor-widget elementor-widget-heading\" data-id=\"2b48bed9\" data-element_type=\"widget\" data-widget_type=\"heading.default\">\n\t\t\t\t<div class=\"elementor-widget-container\">\n\t\t\t\t\t<h2 class=\"elementor-heading-title elementor-size-default\">\u00dcberblick<\/h2>\t\t\t\t<\/div>\n\t\t\t\t<\/div>\n\t\t\t\t<div class=\"elementor-element elementor-element-3dabd22 overview elementor-widget elementor-widget-text-editor\" data-id=\"3dabd22\" data-element_type=\"widget\" data-widget_type=\"text-editor.default\">\n\t\t\t\t<div class=\"elementor-widget-container\">\n\t\t\t\t\t\t\t\t\t<h3>Termin:<\/h3><p>Termine f\u00fcr 2026 werden zeitnah festgelegt.<\/p><h3>Kooperationspartner*innen:<\/h3><p>Das Seminar wird in Kooperation mit <a href=\"http:\/\/www.zentralrat-der-serben.de\/\" target=\"_blank\" rel=\"noopener\">ZSD &#8211; Zentralrat der Serben in Deutschland e.V\u00a0<\/a> und N&amp;P Connect durchgef\u00fchrt.<\/p><h3>Referierende:<\/h3><div><strong>Dragana Nikolic, MA.<\/strong><div id=\"comp-l2efn2bw\" data-testid=\"richTextElement\"><p>Dragana Nikolic ist Gesch\u00e4ftsf\u00fchrerin der N&amp;P Business Consulting GmbH, Mitgr\u00fcnderin von EQ-TRAIN HR Advising-Training-Coaching und langj\u00e4hrige Expertin f\u00fcr Unternehmens- und Personalentwicklung und Business Transformation.<\/p><p>Weitere Informationen: <a href=\"https:\/\/www.dragananikolic.com\/\">https:\/\/www.dragananikolic.com\/<\/a><\/p><\/div><\/div>\t\t\t\t\t\t\t\t<\/div>\n\t\t\t\t<\/div>\n\t\t\t\t<div class=\"elementor-element elementor-element-71f63c8 elementor-widget elementor-widget-heading\" data-id=\"71f63c8\" data-element_type=\"widget\" data-widget_type=\"heading.default\">\n\t\t\t\t<div class=\"elementor-widget-container\">\n\t\t\t\t\t<h2 class=\"elementor-heading-title elementor-size-default\">R\u00fcckblick<\/h2>\t\t\t\t<\/div>\n\t\t\t\t<\/div>\n\t\t\t\t<div class=\"elementor-element elementor-element-799a404 elementor-arrows-position-inside elementor-pagination-position-outside elementor-widget elementor-widget-image-carousel\" data-id=\"799a404\" data-element_type=\"widget\" data-settings=\"{&quot;slides_to_show&quot;:&quot;1&quot;,&quot;navigation&quot;:&quot;both&quot;,&quot;autoplay&quot;:&quot;yes&quot;,&quot;pause_on_hover&quot;:&quot;yes&quot;,&quot;pause_on_interaction&quot;:&quot;yes&quot;,&quot;autoplay_speed&quot;:5000,&quot;infinite&quot;:&quot;yes&quot;,&quot;effect&quot;:&quot;slide&quot;,&quot;speed&quot;:500}\" data-widget_type=\"image-carousel.default\">\n\t\t\t\t<div class=\"elementor-widget-container\">\n\t\t\t\t\t\t\t<div class=\"elementor-image-carousel-wrapper swiper\" role=\"region\" aria-roledescription=\"carousel\" aria-label=\"Bild Karussell\" dir=\"ltr\">\n\t\t\t<div class=\"elementor-image-carousel swiper-wrapper\" aria-live=\"off\">\n\t\t\t\t\t\t\t\t<div class=\"swiper-slide\" role=\"group\" aria-roledescription=\"slide\" aria-label=\"1 von 4\"><figure class=\"swiper-slide-inner\"><img decoding=\"async\" class=\"swiper-slide-image\" src=\"https:\/\/vielfalt-gruendet.de\/wp-content\/uploads\/2022\/01\/image00115-768x576.jpeg\" alt=\"image00115\" \/><\/figure><\/div><div class=\"swiper-slide\" role=\"group\" aria-roledescription=\"slide\" aria-label=\"2 von 4\"><figure class=\"swiper-slide-inner\"><img decoding=\"async\" class=\"swiper-slide-image\" src=\"https:\/\/vielfalt-gruendet.de\/wp-content\/uploads\/2022\/01\/image00118-768x576.jpeg\" alt=\"image00118\" \/><\/figure><\/div><div class=\"swiper-slide\" role=\"group\" aria-roledescription=\"slide\" aria-label=\"3 von 4\"><figure class=\"swiper-slide-inner\"><img decoding=\"async\" class=\"swiper-slide-image\" src=\"https:\/\/vielfalt-gruendet.de\/wp-content\/uploads\/2022\/01\/image00121-768x576.jpeg\" alt=\"image00121\" \/><\/figure><\/div><div class=\"swiper-slide\" role=\"group\" aria-roledescription=\"slide\" aria-label=\"4 von 4\"><figure class=\"swiper-slide-inner\"><img decoding=\"async\" class=\"swiper-slide-image\" src=\"https:\/\/vielfalt-gruendet.de\/wp-content\/uploads\/2022\/01\/image00123-768x576.jpeg\" alt=\"image00123\" \/><\/figure><\/div>\t\t\t<\/div>\n\t\t\t\t\t\t\t\t\t\t\t\t<div class=\"elementor-swiper-button elementor-swiper-button-prev\" role=\"button\" tabindex=\"0\">\n\t\t\t\t\t\t<i aria-hidden=\"true\" class=\"eicon-chevron-left\"><\/i>\t\t\t\t\t<\/div>\n\t\t\t\t\t<div class=\"elementor-swiper-button elementor-swiper-button-next\" role=\"button\" tabindex=\"0\">\n\t\t\t\t\t\t<i aria-hidden=\"true\" class=\"eicon-chevron-right\"><\/i>\t\t\t\t\t<\/div>\n\t\t\t\t\n\t\t\t\t\t\t\t\t\t<div class=\"swiper-pagination\"><\/div>\n\t\t\t\t\t\t\t\t\t<\/div>\n\t\t\t\t\t\t<\/div>\n\t\t\t\t<\/div>\n\t\t\t\t<div class=\"elementor-element elementor-element-29bdeb31 elementor-hidden-desktop elementor-hidden-tablet elementor-hidden-phone elementor-widget elementor-widget-heading\" data-id=\"29bdeb31\" data-element_type=\"widget\" data-widget_type=\"heading.default\">\n\t\t\t\t<div class=\"elementor-widget-container\">\n\t\t\t\t\t<h2 class=\"elementor-heading-title elementor-size-default\">Anmeldung<\/h2>\t\t\t\t<\/div>\n\t\t\t\t<\/div>\n\t\t\t\t\t<\/div>\n\t\t<\/div>\n\t\t\t\t\t<\/div>\n\t\t<\/section>\n\t\t\t\t<section data-particle_enable=\"false\" data-particle-mobile-disabled=\"false\" class=\"elementor-section elementor-top-section elementor-element elementor-element-52f5c3a elementor-section-boxed elementor-section-height-default elementor-section-height-default\" data-id=\"52f5c3a\" data-element_type=\"section\">\n\t\t\t\t\t\t<div class=\"elementor-container elementor-column-gap-default\">\n\t\t\t\t\t<div class=\"elementor-column elementor-col-100 elementor-top-column elementor-element elementor-element-34e75fb\" data-id=\"34e75fb\" data-element_type=\"column\">\n\t\t\t<div class=\"elementor-widget-wrap elementor-element-populated\">\n\t\t\t\t\t\t<div class=\"elementor-element elementor-element-c3af4e9 elementor-button-align-center elementor-hidden-desktop elementor-hidden-tablet elementor-hidden-phone elementor-widget elementor-widget-form\" data-id=\"c3af4e9\" data-element_type=\"widget\" data-settings=\"{&quot;step_next_label&quot;:&quot;N\\u00e4chster&quot;,&quot;step_previous_label&quot;:&quot;Voriger&quot;,&quot;button_width&quot;:&quot;100&quot;,&quot;step_type&quot;:&quot;number_text&quot;,&quot;step_icon_shape&quot;:&quot;circle&quot;}\" data-widget_type=\"form.default\">\n\t\t\t\t<div class=\"elementor-widget-container\">\n\t\t\t\t\t\t\t<form class=\"elementor-form\" method=\"post\" name=\"Serbokroatisch Formular\">\n\t\t\t<input type=\"hidden\" name=\"post_id\" value=\"5081\"\/>\n\t\t\t<input type=\"hidden\" name=\"form_id\" value=\"c3af4e9\"\/>\n\t\t\t<input type=\"hidden\" name=\"referer_title\" value=\"\" \/>\n\n\t\t\t\n\t\t\t<div class=\"elementor-form-fields-wrapper elementor-labels-above\">\n\t\t\t\t\t\t\t\t<div class=\"elementor-field-type-text elementor-field-group elementor-column elementor-field-group-name elementor-col-50 elementor-field-required elementor-mark-required\">\n\t\t\t\t\t\t\t\t\t\t\t\t<label for=\"form-field-name\" class=\"elementor-field-label\">\n\t\t\t\t\t\t\t\tVorname\t\t\t\t\t\t\t<\/label>\n\t\t\t\t\t\t\t\t\t\t\t\t\t\t<input size=\"1\" type=\"text\" name=\"form_fields[name]\" id=\"form-field-name\" class=\"elementor-field elementor-size-sm  elementor-field-textual\" required=\"required\" aria-required=\"true\">\n\t\t\t\t\t\t\t\t\t\t\t<\/div>\n\t\t\t\t\t\t\t\t<div class=\"elementor-field-type-text elementor-field-group elementor-column elementor-field-group-field_24f4368 elementor-col-50 elementor-field-required elementor-mark-required\">\n\t\t\t\t\t\t\t\t\t\t\t\t<label for=\"form-field-field_24f4368\" class=\"elementor-field-label\">\n\t\t\t\t\t\t\t\tNachname\t\t\t\t\t\t\t<\/label>\n\t\t\t\t\t\t\t\t\t\t\t\t\t\t<input size=\"1\" type=\"text\" name=\"form_fields[field_24f4368]\" id=\"form-field-field_24f4368\" class=\"elementor-field elementor-size-sm  elementor-field-textual\" required=\"required\" aria-required=\"true\">\n\t\t\t\t\t\t\t\t\t\t\t<\/div>\n\t\t\t\t\t\t\t\t<div class=\"elementor-field-type-email elementor-field-group elementor-column elementor-field-group-email elementor-col-50 elementor-field-required elementor-mark-required\">\n\t\t\t\t\t\t\t\t\t\t\t\t<label for=\"form-field-email\" class=\"elementor-field-label\">\n\t\t\t\t\t\t\t\tE-Mail\t\t\t\t\t\t\t<\/label>\n\t\t\t\t\t\t\t\t\t\t\t\t\t\t<input size=\"1\" type=\"email\" name=\"form_fields[email]\" id=\"form-field-email\" class=\"elementor-field elementor-size-sm  elementor-field-textual\" required=\"required\" aria-required=\"true\">\n\t\t\t\t\t\t\t\t\t\t\t<\/div>\n\t\t\t\t\t\t\t\t<div class=\"elementor-field-type-text elementor-field-group elementor-column elementor-field-group-field_f4dacb3 elementor-col-50 elementor-field-required elementor-mark-required\">\n\t\t\t\t\t\t\t\t\t\t\t\t<label for=\"form-field-field_f4dacb3\" class=\"elementor-field-label\">\n\t\t\t\t\t\t\t\tWohnort\t\t\t\t\t\t\t<\/label>\n\t\t\t\t\t\t\t\t\t\t\t\t\t\t<input size=\"1\" type=\"text\" name=\"form_fields[field_f4dacb3]\" id=\"form-field-field_f4dacb3\" class=\"elementor-field elementor-size-sm  elementor-field-textual\" required=\"required\" aria-required=\"true\">\n\t\t\t\t\t\t\t\t\t\t\t<\/div>\n\t\t\t\t\t\t\t\t<div class=\"elementor-field-type-textarea elementor-field-group elementor-column elementor-field-group-message elementor-col-100\">\n\t\t\t\t\t\t\t\t\t\t\t\t<label for=\"form-field-message\" class=\"elementor-field-label\">\n\t\t\t\t\t\t\t\tAnmerkungen\t\t\t\t\t\t\t<\/label>\n\t\t\t\t\t\t<textarea class=\"elementor-field-textual elementor-field  elementor-size-sm\" name=\"form_fields[message]\" id=\"form-field-message\" rows=\"4\"><\/textarea>\t\t\t\t<\/div>\n\t\t\t\t\t\t\t\t<div class=\"elementor-field-type-acceptance elementor-field-group elementor-column elementor-field-group-field_9cb3dea elementor-col-100 elementor-field-required elementor-mark-required\">\n\t\t\t\t\t\t\t<div class=\"elementor-field-subgroup\">\n\t\t\t<span class=\"elementor-field-option\">\n\t\t\t\t<input type=\"checkbox\" name=\"form_fields[field_9cb3dea]\" id=\"form-field-field_9cb3dea\" class=\"elementor-field elementor-size-sm  elementor-acceptance-field\" required=\"required\" aria-required=\"true\">\n\t\t\t\t<label for=\"form-field-field_9cb3dea\">Ich akzeptiere die <a href=\"https:\/\/vielfalt-gruendet.de\/allgemeine-teilnahmebedingungen\/\">Gesch\u00e4ftsbedingungen<\/a>.<\/label>\t\t\t<\/span>\n\t\t<\/div>\n\t\t\t\t\t\t<\/div>\n\t\t\t\t\t\t\t\t<div class=\"elementor-field-type-acceptance elementor-field-group elementor-column elementor-field-group-field_180f60f elementor-col-100 elementor-field-required elementor-mark-required\">\n\t\t\t\t\t\t\t<div class=\"elementor-field-subgroup\">\n\t\t\t<span class=\"elementor-field-option\">\n\t\t\t\t<input type=\"checkbox\" name=\"form_fields[field_180f60f]\" id=\"form-field-field_180f60f\" class=\"elementor-field elementor-size-sm  elementor-acceptance-field\" required=\"required\" aria-required=\"true\">\n\t\t\t\t<label for=\"form-field-field_180f60f\">Ich stimme zu, dass meine Angaben aus dem Kontaktformular zur Beantwortung meiner Anfrage erhoben und verarbeitet werden. Die Daten werden nach abgeschlossener Bearbeitung der Anfrage gel\u00f6scht. \nHinweis: Sie k\u00f6nnen Ihre Einwilligung jederzeit per E-Mail an <a href=\"mailto:vielfalt@ariadne-an-der-spree.de target=\"_top\">vielfalt@ariadne-an-der-spree.de<\/a> widerrufen. Detaillierte Informationen zum Umgang mit Nutzerdaten finden Sie in unserer  <a href=\"https:\/\/vielfalt-gruendet.de\/datenschutz\/\">Datenschutzerkl\u00e4rung<\/a>.<\/label>\t\t\t<\/span>\n\t\t<\/div>\n\t\t\t\t\t\t<\/div>\n\t\t\t\t\t\t\t\t<div class=\"elementor-field-type-acceptance elementor-field-group elementor-column elementor-field-group-field_773eda0 elementor-col-100 elementor-field-required elementor-mark-required\">\n\t\t\t\t\t\t\t<div class=\"elementor-field-subgroup\">\n\t\t\t<span class=\"elementor-field-option\">\n\t\t\t\t<input type=\"checkbox\" name=\"form_fields[field_773eda0]\" id=\"form-field-field_773eda0\" class=\"elementor-field elementor-size-sm  elementor-acceptance-field\" required=\"required\" aria-required=\"true\">\n\t\t\t\t<label for=\"form-field-field_773eda0\">Ich stimme mit meiner Teilnahme der Aufzeichnung des Online-Seminars zu, in dem mein Gesicht nicht zu sehen sein wird.<\/label>\t\t\t<\/span>\n\t\t<\/div>\n\t\t\t\t\t\t<\/div>\n\t\t\t\t\t\t\t\t<div class=\"elementor-field-type-acceptance elementor-field-group elementor-column elementor-field-group-field_9351bf9 elementor-col-100 elementor-field-required elementor-mark-required\">\n\t\t\t\t\t\t\t<div class=\"elementor-field-subgroup\">\n\t\t\t<span class=\"elementor-field-option\">\n\t\t\t\t<input type=\"checkbox\" name=\"form_fields[field_9351bf9]\" id=\"form-field-field_9351bf9\" class=\"elementor-field elementor-size-sm  elementor-acceptance-field\" required=\"required\" aria-required=\"true\">\n\t\t\t\t<label for=\"form-field-field_9351bf9\">Mit meiner Teilnahme an einem Vielfalt gr\u00fcndet-Online-Seminar stimme ich den <a href=\"https:\/\/clickmeeting.com\/de\/legal\">Datenschutzbestimmungen und den AGB<\/a> von ClickMeeting zu. Ich gebe mich somit damit einverstanden, dass mein Name und meine E-Mailadresse von ClickMeeting gespeichert werden. Ich habe jederzeit das Recht, meine Zustimmung zur Speicherung meiner Daten zu erteilen und zu widerrufen. Weitere Informationen sind den Datenschutzbestimmungen von ClickMeeting zu entnehmen (siehe oben).<\/label>\t\t\t<\/span>\n\t\t<\/div>\n\t\t\t\t\t\t<\/div>\n\t\t\t\t\t\t\t\t<div class=\"elementor-field-group elementor-column elementor-field-type-submit elementor-col-100 e-form__buttons\">\n\t\t\t\t\t<button type=\"submit\" class=\"elementor-button elementor-size-sm\">\n\t\t\t\t\t\t<span >\n\t\t\t\t\t\t\t\t\t\t\t\t\t\t\t<span class=\"elementor-align-icon-left elementor-button-icon\">\n\t\t\t\t\t\t\t\t\t<i aria-hidden=\"true\" class=\"fas fa-check\"><\/i>\t\t\t\t\t\t\t\t\t\t\t\t\t\t\t\t\t<\/span>\n\t\t\t\t\t\t\t\t\t\t\t\t\t\t\t\t\t\t\t\t\t\t<span class=\"elementor-button-text\">Senden<\/span>\n\t\t\t\t\t\t\t\t\t\t\t\t\t<\/span>\n\t\t\t\t\t<\/button>\n\t\t\t\t<\/div>\n\t\t\t<\/div>\n\t\t<\/form>\n\t\t\t\t\t\t<\/div>\n\t\t\t\t<\/div>\n\t\t\t\t\t<\/div>\n\t\t<\/div>\n\t\t\t\t\t<\/div>\n\t\t<\/section>\n\t\t\t\t<\/div>\n\t\t","protected":false},"excerpt":{"rendered":"<p>Existenzgr\u00fcndungsseminare f\u00fcr Menschen mit serbokroatischen, bosnischen und montenigrinischen Sprachkenntnissen Sie m\u00f6chten ein Unternehmen gr\u00fcnden, kennen die Schritte zur Selbstst\u00e4ndigkeit aber noch nicht? Sie sprechen Deutsch, w\u00fcrden sich aber freuen, zus\u00e4tzlich Informationen in Serbokroatisch zu erhalten und andere Gr\u00fcndungsinteressierte aus Ihrer Community zu treffen?&nbsp; Dann melden Sie sich f\u00fcr unser kulturspezifisches Orientierungsseminar auf Serbokroatisch an! An [&hellip;]<\/p>\n","protected":false},"author":4,"featured_media":3577,"parent":0,"menu_order":0,"comment_status":"closed","ping_status":"closed","template":"","meta":{"footnotes":""},"categories":[19],"tags":[],"class_list":["post-5081","page","type-page","status-publish","has-post-thumbnail","hentry","category-seminare"],"_links":{"self":[{"href":"https:\/\/vielfalt-gruendet.de\/fa\/wp-json\/wp\/v2\/pages\/5081","targetHints":{"allow":["GET"]}}],"collection":[{"href":"https:\/\/vielfalt-gruendet.de\/fa\/wp-json\/wp\/v2\/pages"}],"about":[{"href":"https:\/\/vielfalt-gruendet.de\/fa\/wp-json\/wp\/v2\/types\/page"}],"author":[{"embeddable":true,"href":"https:\/\/vielfalt-gruendet.de\/fa\/wp-json\/wp\/v2\/users\/4"}],"replies":[{"embeddable":true,"href":"https:\/\/vielfalt-gruendet.de\/fa\/wp-json\/wp\/v2\/comments?post=5081"}],"version-history":[{"count":156,"href":"https:\/\/vielfalt-gruendet.de\/fa\/wp-json\/wp\/v2\/pages\/5081\/revisions"}],"predecessor-version":[{"id":12534,"href":"https:\/\/vielfalt-gruendet.de\/fa\/wp-json\/wp\/v2\/pages\/5081\/revisions\/12534"}],"wp:featuredmedia":[{"embeddable":true,"href":"https:\/\/vielfalt-gruendet.de\/fa\/wp-json\/wp\/v2\/media\/3577"}],"wp:attachment":[{"href":"https:\/\/vielfalt-gruendet.de\/fa\/wp-json\/wp\/v2\/media?parent=5081"}],"wp:term":[{"taxonomy":"category","embeddable":true,"href":"https:\/\/vielfalt-gruendet.de\/fa\/wp-json\/wp\/v2\/categories?post=5081"},{"taxonomy":"post_tag","embeddable":true,"href":"https:\/\/vielfalt-gruendet.de\/fa\/wp-json\/wp\/v2\/tags?post=5081"}],"curies":[{"name":"wp","href":"https:\/\/api.w.org\/{rel}","templated":true}]}}