{"id":11099,"date":"2024-07-09T06:48:04","date_gmt":"2024-07-09T06:48:04","guid":{"rendered":"https:\/\/vielfalt-gruendet.de\/?page_id=11099"},"modified":"2025-06-03T15:13:58","modified_gmt":"2025-06-03T13:13:58","slug":"degut","status":"publish","type":"page","link":"https:\/\/vielfalt-gruendet.de\/it\/degut","title":{"rendered":"deGUT &#8211; neu"},"content":{"rendered":"<div data-elementor-type=\"wp-post\" data-elementor-id=\"11099\" class=\"elementor elementor-11099\" data-elementor-post-type=\"page\">\n\t\t\t\t\t\t<section data-particle_enable=\"false\" data-particle-mobile-disabled=\"false\" class=\"elementor-section elementor-top-section elementor-element elementor-element-6f5f632 elementor-section-boxed elementor-section-height-default elementor-section-height-default\" data-id=\"6f5f632\" data-element_type=\"section\">\n\t\t\t\t\t\t<div class=\"elementor-container elementor-column-gap-default\">\n\t\t\t\t\t<div class=\"elementor-column elementor-col-100 elementor-top-column elementor-element elementor-element-b0755c0\" data-id=\"b0755c0\" data-element_type=\"column\">\n\t\t\t<div class=\"elementor-widget-wrap elementor-element-populated\">\n\t\t\t\t\t\t<div class=\"elementor-element elementor-element-9544969 elementor-widget elementor-widget-heading\" data-id=\"9544969\" data-element_type=\"widget\" data-widget_type=\"heading.default\">\n\t\t\t\t<div class=\"elementor-widget-container\">\n\t\t\t\t\t<h2 class=\"elementor-heading-title elementor-size-default\">Deutsche Gr\u00fcnder- und Unternehmertage (deGUT)<\/h2>\t\t\t\t<\/div>\n\t\t\t\t<\/div>\n\t\t\t\t<div class=\"elementor-element elementor-element-cf83149 elementor-widget elementor-widget-image\" data-id=\"cf83149\" data-element_type=\"widget\" data-no-translation=\"\" data-widget_type=\"image.default\">\n\t\t\t\t<div class=\"elementor-widget-container\">\n\t\t\t\t\t<style>.elementor-element-cf83149{display:none !important}<\/style>\t\t\t\t<\/div>\n\t\t\t\t<\/div>\n\t\t\t\t<div class=\"elementor-element elementor-element-1d4a8aa elementor-widget elementor-widget-text-editor\" data-id=\"1d4a8aa\" data-element_type=\"widget\" data-widget_type=\"text-editor.default\">\n\t\t\t\t<div class=\"elementor-widget-container\">\n\t\t\t\t\t\t\t\t\t<p>Die deGUT findet am <strong>10. und 11. Oktober 2025<\/strong>\u00a0zum 41. Mal in der ARENA Berlin statt. Als gr\u00f6\u00dfte Messe f\u00fcr Existenzgr\u00fcndung in Deutschland bietet sie eine ideale Plattform zum Austausch und zur Information.<\/p><div><p>Teilnehmende unserer Seminare k\u00f6nnen kostenlos an der Messe und an mehrsprachigen Messerundg\u00e4ngen teilnehmen. N\u00e4here Informationen werden zeitnah hier ver\u00f6ffentlicht.<\/p><\/div><h6><span style=\"font-size: 21.296px; font-weight: bold; color: var( --e-global-color-text ); letter-spacing: var( --e-global-typography-68caa72-letter-spacing ); word-spacing: var( --e-global-typography-68caa72-word-spacing );\">R\u00fcckblick deGUT 2023<\/span><\/h6><p>Die 39. Deutschen Gr\u00fcnder- und Unternehmertage (deGUT) haben am\u00a0<span style=\"font-weight: bolder;\">13. und 14. Oktober 2023<\/span>\u00a0(ARENA Berlin \u2013 Eichenstra\u00dfe 4 | 12435 Berlin, Treptow) stattgefunden. Auch in 2023 hat die Messe wieder umfassende und praxisnahe Seminare, Workshops und Foren im Messebereich zu allen Themen rund um die Selbst\u00e4ndigkeit und Existenzgr\u00fcndung beinhaltet.<\/p><p>Die\u00a0<b>Vielfalt gr\u00fcndet\u00a0<\/b>Kooperationspartner*innen haben Gr\u00fcndungsinteressierte an beiden Tagen in verschiedenen Sprachen beraten und zu relevanten St\u00e4nden begleitet. Dar\u00fcber hinaus haben erneut kostenlose mehrsprachige Messerundg\u00e4nge stattgefunden, u. a. in den Sprachen Russisch, Englisch, Italienisch, Spanisch und Arabisch.<\/p><p><span style=\"font-size: 1.1em; font-weight: bolder; color: var( --e-global-color-text );\">R\u00fcckblick deGUT 2022<\/span><\/p><p>Mehr als 5.000 Besucherinnen nahmen an Workshops, Seminaren und Vortr\u00e4gen bei der 20. deGUT teil. Vielfalt gr\u00fcndet war mit Beratungen in 13 Sprachen vertreten und bot erstmals Messerundg\u00e4nge in f\u00fcnf Sprachen an, um die Teilhabe nicht-deutschsprachiger Besucher*innen zu f\u00f6rdern.<\/p>\t\t\t\t\t\t\t\t<\/div>\n\t\t\t\t<\/div>\n\t\t\t\t<div class=\"elementor-element elementor-element-68cb7bc elementor-widget elementor-widget-heading\" data-id=\"68cb7bc\" data-element_type=\"widget\" data-widget_type=\"heading.default\">\n\t\t\t\t<div class=\"elementor-widget-container\">\n\t\t\t\t\t<h2 class=\"elementor-heading-title elementor-size-default\">Retrospettiva<\/h2>\t\t\t\t<\/div>\n\t\t\t\t<\/div>\n\t\t\t\t<div class=\"elementor-element elementor-element-2d5694c elementor-arrows-position-inside elementor-pagination-position-outside elementor-widget elementor-widget-image-carousel\" data-id=\"2d5694c\" data-element_type=\"widget\" data-settings=\"{&quot;slides_to_show&quot;:&quot;1&quot;,&quot;navigation&quot;:&quot;both&quot;,&quot;autoplay&quot;:&quot;yes&quot;,&quot;pause_on_hover&quot;:&quot;yes&quot;,&quot;pause_on_interaction&quot;:&quot;yes&quot;,&quot;autoplay_speed&quot;:5000,&quot;infinite&quot;:&quot;yes&quot;,&quot;effect&quot;:&quot;slide&quot;,&quot;speed&quot;:500}\" data-widget_type=\"image-carousel.default\">\n\t\t\t\t<div class=\"elementor-widget-container\">\n\t\t\t\t\t\t\t<div class=\"elementor-image-carousel-wrapper swiper\" role=\"region\" aria-roledescription=\"carousel\" aria-label=\"Carosello d&#039;immagini\" dir=\"ltr\">\n\t\t\t<div class=\"elementor-image-carousel swiper-wrapper\" aria-live=\"off\">\n\t\t\t\t\t\t\t\t<div class=\"swiper-slide\" role=\"group\" aria-roledescription=\"slide\" aria-label=\"1 di 16\" data-no-translation-aria-label=\"\"><a data-elementor-open-lightbox=\"yes\" data-elementor-lightbox-slideshow=\"2d5694c\" data-e-action-hash=\"#elementor-action%3Aaction%3Dlightbox%26settings%3DeyJpZCI6MjM3LCJ1cmwiOiJodHRwczpcL1wvdmllbGZhbHQtZ3J1ZW5kZXQuZGVcL3dwLWNvbnRlbnRcL3VwbG9hZHNcLzIwMThcLzAyXC9kNHMzODg3LTcwMHg0NjYuanBnIiwic2xpZGVzaG93IjoiMmQ1Njk0YyJ9\" href=\"https:\/\/vielfalt-gruendet.de\/wp-content\/uploads\/2018\/02\/d4s3887-700x466.jpg\"><figure class=\"swiper-slide-inner\"><img decoding=\"async\" class=\"swiper-slide-image\" src=\"https:\/\/vielfalt-gruendet.de\/wp-content\/uploads\/elementor\/thumbs\/d4s3887-700x466-oyzhe56yu77qwdf89yjkui3uncefxsn3y2gqhtop0g.jpg\" alt=\"\" \/><\/figure><\/a><\/div><div class=\"swiper-slide\" role=\"group\" aria-roledescription=\"slide\" aria-label=\"2 di 16\" data-no-translation-aria-label=\"\"><a data-elementor-open-lightbox=\"yes\" data-elementor-lightbox-slideshow=\"2d5694c\" data-e-action-hash=\"#elementor-action%3Aaction%3Dlightbox%26settings%3DeyJpZCI6MjM4LCJ1cmwiOiJodHRwczpcL1wvdmllbGZhbHQtZ3J1ZW5kZXQuZGVcL3dwLWNvbnRlbnRcL3VwbG9hZHNcLzIwMThcLzAyXC9kNHMyMjc3LTcwMHg0NjYuanBnIiwic2xpZGVzaG93IjoiMmQ1Njk0YyJ9\" href=\"https:\/\/vielfalt-gruendet.de\/wp-content\/uploads\/2018\/02\/d4s2277-700x466.jpg\"><figure class=\"swiper-slide-inner\"><img decoding=\"async\" class=\"swiper-slide-image\" src=\"https:\/\/vielfalt-gruendet.de\/wp-content\/uploads\/elementor\/thumbs\/d4s2277-700x466-oyzhe56yu77qwdf89yjkui3uncefxsn3y2gqhtop0g.jpg\" alt=\"\" \/><\/figure><\/a><\/div><div class=\"swiper-slide\" role=\"group\" aria-roledescription=\"slide\" aria-label=\"3 di 16\" data-no-translation-aria-label=\"\"><a data-elementor-open-lightbox=\"yes\" data-elementor-lightbox-slideshow=\"2d5694c\" data-e-action-hash=\"#elementor-action%3Aaction%3Dlightbox%26settings%3DeyJpZCI6MjQwLCJ1cmwiOiJodHRwczpcL1wvdmllbGZhbHQtZ3J1ZW5kZXQuZGVcL3dwLWNvbnRlbnRcL3VwbG9hZHNcLzIwMThcLzAyXC9kNHMyNzk5LTcwMHg0NjYuanBnIiwic2xpZGVzaG93IjoiMmQ1Njk0YyJ9\" href=\"https:\/\/vielfalt-gruendet.de\/wp-content\/uploads\/2018\/02\/d4s2799-700x466.jpg\"><figure class=\"swiper-slide-inner\"><img decoding=\"async\" class=\"swiper-slide-image\" src=\"https:\/\/vielfalt-gruendet.de\/wp-content\/uploads\/elementor\/thumbs\/d4s2799-700x466-oyzhe56yu77qwdf89yjkui3uncefxsn3y2gqhtop0g.jpg\" alt=\"\" \/><\/figure><\/a><\/div><div class=\"swiper-slide\" role=\"group\" aria-roledescription=\"slide\" aria-label=\"4 di 16\" data-no-translation-aria-label=\"\"><a data-elementor-open-lightbox=\"yes\" data-elementor-lightbox-slideshow=\"2d5694c\" data-e-action-hash=\"#elementor-action%3Aaction%3Dlightbox%26settings%3DeyJpZCI6MjM5LCJ1cmwiOiJodHRwczpcL1wvdmllbGZhbHQtZ3J1ZW5kZXQuZGVcL3dwLWNvbnRlbnRcL3VwbG9hZHNcLzIwMThcLzAyXC9kNHMyNjI5X2YzOS03MDB4NDY2LmpwZyIsInNsaWRlc2hvdyI6IjJkNTY5NGMifQ%3D%3D\" href=\"https:\/\/vielfalt-gruendet.de\/wp-content\/uploads\/2018\/02\/d4s2629_f39-700x466.jpg\"><figure class=\"swiper-slide-inner\"><img decoding=\"async\" class=\"swiper-slide-image\" src=\"https:\/\/vielfalt-gruendet.de\/wp-content\/uploads\/elementor\/thumbs\/d4s2629_f39-700x466-oyzhe56yu77qwdf89yjkui3uncefxsn3y2gqhtop0g.jpg\" alt=\"\" \/><\/figure><\/a><\/div><div class=\"swiper-slide\" role=\"group\" aria-roledescription=\"slide\" aria-label=\"5 di 16\" data-no-translation-aria-label=\"\"><a data-elementor-open-lightbox=\"yes\" data-elementor-lightbox-slideshow=\"2d5694c\" data-e-action-hash=\"#elementor-action%3Aaction%3Dlightbox%26settings%3DeyJpZCI6ODcwMCwidXJsIjoiaHR0cHM6XC9cL3ZpZWxmYWx0LWdydWVuZGV0LmRlXC93cC1jb250ZW50XC91cGxvYWRzXC8yMDIxXC8xMVwvaW1hZ2UwMDAwMi1zY2FsZWQuanBlZyIsInNsaWRlc2hvdyI6IjJkNTY5NGMifQ%3D%3D\" href=\"https:\/\/vielfalt-gruendet.de\/wp-content\/uploads\/2021\/11\/image00002-scaled.jpeg\"><figure class=\"swiper-slide-inner\"><img decoding=\"async\" class=\"swiper-slide-image\" src=\"https:\/\/vielfalt-gruendet.de\/wp-content\/uploads\/elementor\/thumbs\/image00002-scaled-pff9ewnu64rzn7d3j1wgjnvuofa8u86se787mx1h28.jpeg\" alt=\"\" \/><\/figure><\/a><\/div><div class=\"swiper-slide\" role=\"group\" aria-roledescription=\"slide\" aria-label=\"6 di 16\" data-no-translation-aria-label=\"\"><a data-elementor-open-lightbox=\"yes\" data-elementor-lightbox-slideshow=\"2d5694c\" data-e-action-hash=\"#elementor-action%3Aaction%3Dlightbox%26settings%3DeyJpZCI6ODcwMSwidXJsIjoiaHR0cHM6XC9cL3ZpZWxmYWx0LWdydWVuZGV0LmRlXC93cC1jb250ZW50XC91cGxvYWRzXC8yMDIxXC8xMVwvaW1hZ2UwMDAwNS1zY2FsZWQuanBlZyIsInNsaWRlc2hvdyI6IjJkNTY5NGMifQ%3D%3D\" href=\"https:\/\/vielfalt-gruendet.de\/wp-content\/uploads\/2021\/11\/image00005-scaled.jpeg\"><figure class=\"swiper-slide-inner\"><img decoding=\"async\" class=\"swiper-slide-image\" src=\"https:\/\/vielfalt-gruendet.de\/wp-content\/uploads\/elementor\/thumbs\/image00005-scaled-pff9f38phz0zwh3jgmquj482u4dtc3wwr3slzurpuo.jpeg\" alt=\"\" \/><\/figure><\/a><\/div><div class=\"swiper-slide\" role=\"group\" aria-roledescription=\"slide\" aria-label=\"7 di 16\" data-no-translation-aria-label=\"\"><a data-elementor-open-lightbox=\"yes\" data-elementor-lightbox-slideshow=\"2d5694c\" data-e-action-hash=\"#elementor-action%3Aaction%3Dlightbox%26settings%3DeyJpZCI6ODcwMiwidXJsIjoiaHR0cHM6XC9cL3ZpZWxmYWx0LWdydWVuZGV0LmRlXC93cC1jb250ZW50XC91cGxvYWRzXC8yMDIxXC8xMVwvSU1HXzM0NTQucG5nIiwic2xpZGVzaG93IjoiMmQ1Njk0YyJ9\" href=\"https:\/\/vielfalt-gruendet.de\/wp-content\/uploads\/2021\/11\/IMG_3454.png\"><figure class=\"swiper-slide-inner\"><img decoding=\"async\" class=\"swiper-slide-image\" src=\"https:\/\/vielfalt-gruendet.de\/wp-content\/uploads\/elementor\/thumbs\/IMG_3454-pff9f8vqmz8pu4vcjp6ly2suefm0majarvpivijctc.png\" alt=\"\" \/><\/figure><\/a><\/div><div class=\"swiper-slide\" role=\"group\" aria-roledescription=\"slide\" aria-label=\"8 di 16\" data-no-translation-aria-label=\"\"><a data-elementor-open-lightbox=\"yes\" data-elementor-lightbox-slideshow=\"2d5694c\" data-e-action-hash=\"#elementor-action%3Aaction%3Dlightbox%26settings%3DeyJpZCI6OTkzMywidXJsIjoiaHR0cHM6XC9cL3ZpZWxmYWx0LWdydWVuZGV0LmRlXC93cC1jb250ZW50XC91cGxvYWRzXC8yMDIyXC8xMVwvaW1hZ2UwMDAwMi5qcGVnIiwic2xpZGVzaG93IjoiMmQ1Njk0YyJ9\" href=\"https:\/\/vielfalt-gruendet.de\/wp-content\/uploads\/2022\/11\/image00002.jpeg\"><figure class=\"swiper-slide-inner\"><img decoding=\"async\" class=\"swiper-slide-image\" src=\"https:\/\/vielfalt-gruendet.de\/wp-content\/uploads\/elementor\/thumbs\/image00002-py6se9629bh97yydojo1rhndftatz6e3ig40n15ktc.jpeg\" alt=\"\" \/><\/figure><\/a><\/div><div class=\"swiper-slide\" role=\"group\" aria-roledescription=\"slide\" aria-label=\"9 di 16\" data-no-translation-aria-label=\"\"><a data-elementor-open-lightbox=\"yes\" data-elementor-lightbox-slideshow=\"2d5694c\" data-elementor-lightbox-description=\"Auf der diesj\u00e4hrigen deGUT-Messe wurde die herausragende Arbeit der Kooperationsvereine mit einem Empfang gew\u00fcrdigt.\" data-e-action-hash=\"#elementor-action%3Aaction%3Dlightbox%26settings%3DeyJpZCI6OTkzMCwidXJsIjoiaHR0cHM6XC9cL3ZpZWxmYWx0LWdydWVuZGV0LmRlXC93cC1jb250ZW50XC91cGxvYWRzXC8yMDIyXC8xMVwvSU1HXzUyNzdfa2wuanBnIiwic2xpZGVzaG93IjoiMmQ1Njk0YyJ9\" href=\"https:\/\/vielfalt-gruendet.de\/wp-content\/uploads\/2022\/11\/IMG_5277_kl.jpg\"><figure class=\"swiper-slide-inner\"><img decoding=\"async\" class=\"swiper-slide-image\" src=\"https:\/\/vielfalt-gruendet.de\/wp-content\/uploads\/elementor\/thumbs\/IMG_5277_kl-py6s546jtaywcg891lgmiso1iycd5441l7s2o6pdb4.jpg\" alt=\"Wirtschaftssenator Stephan Schwarz\" \/><\/figure><\/a><\/div><div class=\"swiper-slide\" role=\"group\" aria-roledescription=\"slide\" aria-label=\"10 di 16\" data-no-translation-aria-label=\"\"><a data-elementor-open-lightbox=\"yes\" data-elementor-lightbox-slideshow=\"2d5694c\" data-e-action-hash=\"#elementor-action%3Aaction%3Dlightbox%26settings%3DeyJpZCI6OTkzMSwidXJsIjoiaHR0cHM6XC9cL3ZpZWxmYWx0LWdydWVuZGV0LmRlXC93cC1jb250ZW50XC91cGxvYWRzXC8yMDIyXC8xMVwvZGVHVVQyMDIyMDExMi1zY2FsZWQuanBnIiwic2xpZGVzaG93IjoiMmQ1Njk0YyJ9\" href=\"https:\/\/vielfalt-gruendet.de\/wp-content\/uploads\/2022\/11\/deGUT20220112-scaled.jpg\"><figure class=\"swiper-slide-inner\"><img decoding=\"async\" class=\"swiper-slide-image\" src=\"https:\/\/vielfalt-gruendet.de\/wp-content\/uploads\/elementor\/thumbs\/deGUT20220112-scaled-py6sc6wt9enlqry8q5kisidyidgu337aw8knq67ogw.jpg\" alt=\"Wirtschaftssenator Stephan Schwarz\" \/><\/figure><\/a><\/div><div class=\"swiper-slide\" role=\"group\" aria-roledescription=\"slide\" aria-label=\"11 di 16\" data-no-translation-aria-label=\"\"><a data-elementor-open-lightbox=\"yes\" data-elementor-lightbox-slideshow=\"2d5694c\" data-e-action-hash=\"#elementor-action%3Aaction%3Dlightbox%26settings%3DeyJpZCI6OTkzMiwidXJsIjoiaHR0cHM6XC9cL3ZpZWxmYWx0LWdydWVuZGV0LmRlXC93cC1jb250ZW50XC91cGxvYWRzXC8yMDIyXC8xMVwvZGVHVVQyMDIyMDExOC1zY2FsZWQuanBnIiwic2xpZGVzaG93IjoiMmQ1Njk0YyJ9\" href=\"https:\/\/vielfalt-gruendet.de\/wp-content\/uploads\/2022\/11\/deGUT20220118-scaled.jpg\"><figure class=\"swiper-slide-inner\"><img decoding=\"async\" class=\"swiper-slide-image\" src=\"https:\/\/vielfalt-gruendet.de\/wp-content\/uploads\/elementor\/thumbs\/deGUT20220118-scaled-py6sccjueevbofq1t80a7gyq2op1d9tox0hkltzbfk.jpg\" alt=\"Dr. Hindrich Holm\" \/><\/figure><\/a><\/div><div class=\"swiper-slide\" role=\"group\" aria-roledescription=\"slide\" aria-label=\"12 di 16\" data-no-translation-aria-label=\"\"><a data-elementor-open-lightbox=\"yes\" data-elementor-lightbox-slideshow=\"2d5694c\" data-e-action-hash=\"#elementor-action%3Aaction%3Dlightbox%26settings%3DeyJpZCI6OTkzNCwidXJsIjoiaHR0cHM6XC9cL3ZpZWxmYWx0LWdydWVuZGV0LmRlXC93cC1jb250ZW50XC91cGxvYWRzXC8yMDIyXC8xMVwvaW1hZ2UwMDAzOS5qcGVnIiwic2xpZGVzaG93IjoiMmQ1Njk0YyJ9\" href=\"https:\/\/vielfalt-gruendet.de\/wp-content\/uploads\/2022\/11\/image00039.jpeg\"><figure class=\"swiper-slide-inner\"><img decoding=\"async\" class=\"swiper-slide-image\" src=\"https:\/\/vielfalt-gruendet.de\/wp-content\/uploads\/elementor\/thumbs\/image00039-py6secxf0nmeiesx2lak1gp7tcsatyt0uypyk5004g.jpeg\" alt=\"\" \/><\/figure><\/a><\/div><div class=\"swiper-slide\" role=\"group\" aria-roledescription=\"slide\" aria-label=\"13 di 16\" data-no-translation-aria-label=\"\"><a data-elementor-open-lightbox=\"yes\" data-elementor-lightbox-slideshow=\"2d5694c\" data-elementor-lightbox-title=\"Jubil\u00e4umsfeier 20 Jahre Vielfalt gr\u00fcndet in 2022\" data-elementor-lightbox-description=\"Jubil\u00e4umsfeier 20 Jahre Vielfalt gr\u00fcndet in 2022\" data-e-action-hash=\"#elementor-action%3Aaction%3Dlightbox%26settings%3DeyJpZCI6OTkzNSwidXJsIjoiaHR0cHM6XC9cL3ZpZWxmYWx0LWdydWVuZGV0LmRlXC93cC1jb250ZW50XC91cGxvYWRzXC8yMDIyXC8xMVwvaW1hZ2UwMDA0MC5qcGVnIiwic2xpZGVzaG93IjoiMmQ1Njk0YyJ9\" href=\"https:\/\/vielfalt-gruendet.de\/wp-content\/uploads\/2022\/11\/image00040.jpeg\"><figure class=\"swiper-slide-inner\"><img decoding=\"async\" class=\"swiper-slide-image\" src=\"https:\/\/vielfalt-gruendet.de\/wp-content\/uploads\/elementor\/thumbs\/image00040-py6sefqxl5q9h8otm4ifqxzllieeh247vcoezyvtls.jpeg\" alt=\"Jubil\u00e4umsfeier 20 Jahre Vielfalt gr\u00fcndet in 2022\" \/><\/figure><\/a><\/div><div class=\"swiper-slide\" role=\"group\" aria-roledescription=\"slide\" aria-label=\"14 di 16\" data-no-translation-aria-label=\"\"><a data-elementor-open-lightbox=\"yes\" data-elementor-lightbox-slideshow=\"2d5694c\" data-elementor-lightbox-title=\"Messerundgang auf Englisch in 2023\" data-elementor-lightbox-description=\"Messerundgang auf Englisch in 2023\" data-e-action-hash=\"#elementor-action%3Aaction%3Dlightbox%26settings%3DeyJpZCI6MTA5NjcsInVybCI6Imh0dHBzOlwvXC92aWVsZmFsdC1ncnVlbmRldC5kZVwvd3AtY29udGVudFwvdXBsb2Fkc1wvMjAyNFwvMDZcL1NjcmVlbnNob3QtMjAyNC0wNi0yNy0xMTI1MTEucG5nIiwic2xpZGVzaG93IjoiMmQ1Njk0YyJ9\" href=\"https:\/\/vielfalt-gruendet.de\/wp-content\/uploads\/2024\/06\/Screenshot-2024-06-27-112511.png\"><figure class=\"swiper-slide-inner\"><img decoding=\"async\" class=\"swiper-slide-image\" src=\"https:\/\/vielfalt-gruendet.de\/wp-content\/uploads\/elementor\/thumbs\/Screenshot-2024-06-27-112511-qq9qow50wj5zem547vxdyxqeikp3xtaa7tbh0ki6jk.png\" alt=\"Messerundgang auf Englisch in 2023\" \/><\/figure><\/a><\/div><div class=\"swiper-slide\" role=\"group\" aria-roledescription=\"slide\" aria-label=\"15 di 16\" data-no-translation-aria-label=\"\"><a data-elementor-open-lightbox=\"yes\" data-elementor-lightbox-slideshow=\"2d5694c\" data-elementor-lightbox-title=\"Messerundgang auf Englisch in 2023\" data-elementor-lightbox-description=\"Messerundgang auf Englisch durch GUWBI e.V.\" data-e-action-hash=\"#elementor-action%3Aaction%3Dlightbox%26settings%3DeyJpZCI6MTA5NzEsInVybCI6Imh0dHBzOlwvXC92aWVsZmFsdC1ncnVlbmRldC5kZVwvd3AtY29udGVudFwvdXBsb2Fkc1wvMjAyNFwvMDZcL2YzYzM2NDczLWRhZTMtNDU2YS05NjRlLWNkNmM2YzU5YjQ2ZS5qcGVnIiwic2xpZGVzaG93IjoiMmQ1Njk0YyJ9\" href=\"https:\/\/vielfalt-gruendet.de\/wp-content\/uploads\/2024\/06\/f3c36473-dae3-456a-964e-cd6c6c59b46e.jpeg\"><figure class=\"swiper-slide-inner\"><img decoding=\"async\" class=\"swiper-slide-image\" src=\"https:\/\/vielfalt-gruendet.de\/wp-content\/uploads\/elementor\/thumbs\/f3c36473-dae3-456a-964e-cd6c6c59b46e-qq9rblwm2e9fzd59kpet87dfbsqfyhgrc8vwjato68.jpeg\" alt=\"Messerundgang auf Englisch in 2023\" \/><\/figure><\/a><\/div><div class=\"swiper-slide\" role=\"group\" aria-roledescription=\"slide\" aria-label=\"16 di 16\" data-no-translation-aria-label=\"\"><a data-elementor-open-lightbox=\"yes\" data-elementor-lightbox-slideshow=\"2d5694c\" data-elementor-lightbox-title=\"Gr\u00fcnderinnen und Partnerinnen\" data-elementor-lightbox-description=\"Die Gr\u00fcnderinnen Victoria Menor und Andrea Tomasena, Gr\u00fcnderinnen von Studio MMOONN, zusammen mit G\u00f6n\u00fcl Nar, langj\u00e4hrige Gr\u00fcndungsberaterin und Referentin f\u00fcr Vielfalt gr\u00fcndet und Jean-Paul Rwasamanzi, ebenfalls Referent der Seminarreihe. G\u00f6n\u00fcl Nar hat die beiden Gr\u00fcnderinnen auf dem Marktplatz der deGUT-Messe interviewt.\" data-e-action-hash=\"#elementor-action%3Aaction%3Dlightbox%26settings%3DeyJpZCI6MTA5NzIsInVybCI6Imh0dHBzOlwvXC92aWVsZmFsdC1ncnVlbmRldC5kZVwvd3AtY29udGVudFwvdXBsb2Fkc1wvMjAyNFwvMDZcL0dydWVuZGVyaW5uZW4tdW5kLVBhcnRuZXJpbm5lbi5wbmciLCJzbGlkZXNob3ciOiIyZDU2OTRjIn0%3D\" href=\"https:\/\/vielfalt-gruendet.de\/wp-content\/uploads\/2024\/06\/Gruenderinnen-und-Partnerinnen.png\"><figure class=\"swiper-slide-inner\"><img decoding=\"async\" class=\"swiper-slide-image\" src=\"https:\/\/vielfalt-gruendet.de\/wp-content\/uploads\/elementor\/thumbs\/Gruenderinnen-und-Partnerinnen-qq9rboq4mwday71648moxont3ycjlkrycmucz4phnk.png\" alt=\"Gr\u00fcnderinnen und Partnerinnen\" \/><\/figure><\/a><\/div>\t\t\t<\/div>\n\t\t\t\t\t\t\t\t\t\t\t\t<div class=\"elementor-swiper-button elementor-swiper-button-prev\" role=\"button\" tabindex=\"0\">\n\t\t\t\t\t\t<i aria-hidden=\"true\" class=\"eicon-chevron-left\"><\/i>\t\t\t\t\t<\/div>\n\t\t\t\t\t<div class=\"elementor-swiper-button elementor-swiper-button-next\" role=\"button\" tabindex=\"0\">\n\t\t\t\t\t\t<i aria-hidden=\"true\" class=\"eicon-chevron-right\"><\/i>\t\t\t\t\t<\/div>\n\t\t\t\t\n\t\t\t\t\t\t\t\t\t<div class=\"swiper-pagination\"><\/div>\n\t\t\t\t\t\t\t\t\t<\/div>\n\t\t\t\t\t\t<\/div>\n\t\t\t\t<\/div>\n\t\t\t\t\t<\/div>\n\t\t<\/div>\n\t\t\t\t\t<\/div>\n\t\t<\/section>\n\t\t\t\t<\/div>","protected":false},"excerpt":{"rendered":"<p>Deutsche Gr\u00fcnder- und Unternehmertage (deGUT) Die deGUT findet am 10. und 11. Oktober 2025\u00a0zum 41. Mal in der ARENA Berlin statt. Als gr\u00f6\u00dfte Messe f\u00fcr Existenzgr\u00fcndung in Deutschland bietet sie eine ideale Plattform zum Austausch und zur Information. Teilnehmende unserer Seminare k\u00f6nnen kostenlos an der Messe und an mehrsprachigen Messerundg\u00e4ngen teilnehmen. N\u00e4here Informationen werden zeitnah [&hellip;]<\/p>\n","protected":false},"author":4,"featured_media":0,"parent":0,"menu_order":0,"comment_status":"closed","ping_status":"closed","template":"","meta":{"footnotes":""},"categories":[],"tags":[],"class_list":["post-11099","page","type-page","status-publish","hentry"],"_links":{"self":[{"href":"https:\/\/vielfalt-gruendet.de\/it\/wp-json\/wp\/v2\/pages\/11099","targetHints":{"allow":["GET"]}}],"collection":[{"href":"https:\/\/vielfalt-gruendet.de\/it\/wp-json\/wp\/v2\/pages"}],"about":[{"href":"https:\/\/vielfalt-gruendet.de\/it\/wp-json\/wp\/v2\/types\/page"}],"author":[{"embeddable":true,"href":"https:\/\/vielfalt-gruendet.de\/it\/wp-json\/wp\/v2\/users\/4"}],"replies":[{"embeddable":true,"href":"https:\/\/vielfalt-gruendet.de\/it\/wp-json\/wp\/v2\/comments?post=11099"}],"version-history":[{"count":47,"href":"https:\/\/vielfalt-gruendet.de\/it\/wp-json\/wp\/v2\/pages\/11099\/revisions"}],"predecessor-version":[{"id":12224,"href":"https:\/\/vielfalt-gruendet.de\/it\/wp-json\/wp\/v2\/pages\/11099\/revisions\/12224"}],"wp:attachment":[{"href":"https:\/\/vielfalt-gruendet.de\/it\/wp-json\/wp\/v2\/media?parent=11099"}],"wp:term":[{"taxonomy":"category","embeddable":true,"href":"https:\/\/vielfalt-gruendet.de\/it\/wp-json\/wp\/v2\/categories?post=11099"},{"taxonomy":"post_tag","embeddable":true,"href":"https:\/\/vielfalt-gruendet.de\/it\/wp-json\/wp\/v2\/tags?post=11099"}],"curies":[{"name":"wp","href":"https:\/\/api.w.org\/{rel}","templated":true}]}}