{"id":11092,"date":"2024-07-09T06:40:49","date_gmt":"2024-07-09T06:40:49","guid":{"rendered":"https:\/\/vielfalt-gruendet.de\/?page_id=11092"},"modified":"2025-02-18T13:28:38","modified_gmt":"2025-02-18T11:28:38","slug":"hintergrund","status":"publish","type":"page","link":"https:\/\/vielfalt-gruendet.de\/ku\/hintergrund","title":{"rendered":"Hintergrund &#8211; Neu"},"content":{"rendered":"<div data-elementor-type=\"wp-post\" data-elementor-id=\"11092\" class=\"elementor elementor-11092\" data-elementor-post-type=\"page\">\n\t\t\t\t\t\t<section data-particle_enable=\"false\" data-particle-mobile-disabled=\"false\" class=\"elementor-section elementor-top-section elementor-element elementor-element-50eca270 elementor-section-boxed elementor-section-height-default elementor-section-height-default\" data-id=\"50eca270\" data-element_type=\"section\">\n\t\t\t\t\t\t<div class=\"elementor-container elementor-column-gap-default\">\n\t\t\t\t\t<div class=\"elementor-column elementor-col-100 elementor-top-column elementor-element elementor-element-2c913f16\" data-id=\"2c913f16\" data-element_type=\"column\">\n\t\t\t<div class=\"elementor-widget-wrap elementor-element-populated\">\n\t\t\t\t\t\t<div class=\"elementor-element elementor-element-6ac96dff elementor-widget elementor-widget-heading\" data-id=\"6ac96dff\" data-element_type=\"widget\" data-widget_type=\"heading.default\">\n\t\t\t\t<div class=\"elementor-widget-container\">\n\t\t\t\t\t<h2 class=\"elementor-heading-title elementor-size-default\">Pa\u015fnav<\/h2>\t\t\t\t<\/div>\n\t\t\t\t<\/div>\n\t\t\t\t<div class=\"elementor-element elementor-element-f829ade elementor-widget elementor-widget-text-editor\" data-id=\"f829ade\" data-element_type=\"widget\" data-widget_type=\"text-editor.default\">\n\t\t\t\t<div class=\"elementor-widget-container\">\n\t\t\t\t\t\t\t\t\t<p><span style=\"color: #808080;\">Silsil\u00ea sem\u00eenaran<strong> Vielfalt gr\u00fcndet<\/strong><\/span>\u00a0jibo Tevger\u00ean Tevgehek\u00ea Eri\u015f\u00ea Pi\u015ftgiriya Navnetewey\u00ee\u00a0<a href=\"https:\/\/www.berlin.de\/sen\/web\/\">Senatsverwaltung f\u00fcr Wirtschaft, Energie und Betriebe<\/a>\u00a0ya sena \u00fb xebata xweberkirin\u00ea ye \u00fb ji sala 2003 ve hate bir\u00eak danin. Kom\u00eesyona t\u00eakil\u00ee ariadne an der spree kar digire jibo l\u00eakol\u00een \u00fb r\u00eaxistin\u00ea.<\/p><p>Di hevkariy\u00ea de bi civak\u00ean etn\u00eek\u00ean gelek hene, em sem\u00eenar\u00ean bi-ziman bidin bixweberdan\u00ea. Ev sem\u00eenar ji bo ki\u015f\u00ean cihan\u00ea ku dixwazin li Berl\u00een fermanek \u00e7\u00eabikin ne \u00fb hem\u00fb agah\u00eeyan pi\u015ftrastiy\u00ea \u00fb derbasb\u00fbn\u00ean rab\u00eetandin\u00ea da radikevin.<\/p><p>Be\u015fdar\u00eeye bi \u015f\u00eepiyek bila bi karta xwer\u00fb bikeve T\u00eaketina D\u00fbnyay\u00ean Ereb\u00ee y\u00ean Saziya Rabe \u00fb bixw\u00eene<a href=\"https:\/\/vielfalt-gruendet.de\/ku\/degut\/\">deGUT<\/a>), einer der wichtigsten Messen f\u00fcr Existenzgr\u00fcndung und Unternehmertum, die am 10. und 11. Oktober 2025 stattfinden. Hier k\u00f6nnen Sie sich mit anderen Gr\u00fcnder*innen, Unternehmer*innen und Berater*innen vernetzen und praxisnahe Seminare und Workshops besuchen.<\/p>\t\t\t\t\t\t\t\t<\/div>\n\t\t\t\t<\/div>\n\t\t\t\t\t<\/div>\n\t\t<\/div>\n\t\t\t\t\t<\/div>\n\t\t<\/section>\n\t\t\t\t<\/div>","protected":false},"excerpt":{"rendered":"<p>Hintergrund Die Seminarreihe Vielfalt gr\u00fcndet\u00a0ist ein Angebot der\u00a0Senatsverwaltung f\u00fcr Wirtschaft, Energie und Betriebe\u00a0und wird seit 2003 durchgef\u00fchrt. Mit der Organisation und Durchf\u00fchrung ist aktuell die Kommunikationsagentur ariadne an der spree beauftragt. In Zusammenarbeit mit zahlreichen ethnischen Communities bieten wir mehrsprachige Existenzgr\u00fcndungsseminare an. Diese Seminare richten sich an internationale Gr\u00fcndungsinteressierte in Berlin und bieten individuelle Beratung [&hellip;]<\/p>\n","protected":false},"author":4,"featured_media":0,"parent":0,"menu_order":0,"comment_status":"closed","ping_status":"closed","template":"","meta":{"footnotes":""},"categories":[],"tags":[],"class_list":["post-11092","page","type-page","status-publish","hentry"],"_links":{"self":[{"href":"https:\/\/vielfalt-gruendet.de\/ku\/wp-json\/wp\/v2\/pages\/11092","targetHints":{"allow":["GET"]}}],"collection":[{"href":"https:\/\/vielfalt-gruendet.de\/ku\/wp-json\/wp\/v2\/pages"}],"about":[{"href":"https:\/\/vielfalt-gruendet.de\/ku\/wp-json\/wp\/v2\/types\/page"}],"author":[{"embeddable":true,"href":"https:\/\/vielfalt-gruendet.de\/ku\/wp-json\/wp\/v2\/users\/4"}],"replies":[{"embeddable":true,"href":"https:\/\/vielfalt-gruendet.de\/ku\/wp-json\/wp\/v2\/comments?post=11092"}],"version-history":[{"count":34,"href":"https:\/\/vielfalt-gruendet.de\/ku\/wp-json\/wp\/v2\/pages\/11092\/revisions"}],"predecessor-version":[{"id":11989,"href":"https:\/\/vielfalt-gruendet.de\/ku\/wp-json\/wp\/v2\/pages\/11092\/revisions\/11989"}],"wp:attachment":[{"href":"https:\/\/vielfalt-gruendet.de\/ku\/wp-json\/wp\/v2\/media?parent=11092"}],"wp:term":[{"taxonomy":"category","embeddable":true,"href":"https:\/\/vielfalt-gruendet.de\/ku\/wp-json\/wp\/v2\/categories?post=11092"},{"taxonomy":"post_tag","embeddable":true,"href":"https:\/\/vielfalt-gruendet.de\/ku\/wp-json\/wp\/v2\/tags?post=11092"}],"curies":[{"name":"wp","href":"https:\/\/api.w.org\/{rel}","templated":true}]}}