{"id":384,"date":"2018-02-19T12:56:01","date_gmt":"2018-02-19T12:56:01","guid":{"rendered":"http:\/\/vielfalt-gruendet.de\/?page_id=384"},"modified":"2024-06-27T10:00:32","modified_gmt":"2024-06-27T10:00:32","slug":"impressum","status":"publish","type":"page","link":"https:\/\/vielfalt-gruendet.de\/ku\/impressum","title":{"rendered":"Impressum"},"content":{"rendered":"<div data-elementor-type=\"wp-post\" data-elementor-id=\"384\" class=\"elementor elementor-384\" data-elementor-post-type=\"page\">\n\t\t\t\t\t\t<section data-particle_enable=\"false\" data-particle-mobile-disabled=\"false\" class=\"elementor-section elementor-top-section elementor-element elementor-element-101f633 elementor-section-boxed elementor-section-height-default elementor-section-height-default\" data-id=\"101f633\" data-element_type=\"section\">\n\t\t\t\t\t\t<div class=\"elementor-container elementor-column-gap-default\">\n\t\t\t\t\t<div class=\"elementor-column elementor-col-100 elementor-top-column elementor-element elementor-element-75a192d9\" data-id=\"75a192d9\" data-element_type=\"column\">\n\t\t\t<div class=\"elementor-widget-wrap elementor-element-populated\">\n\t\t\t\t\t\t<div class=\"elementor-element elementor-element-5086ab4a elementor-widget elementor-widget-heading\" data-id=\"5086ab4a\" data-element_type=\"widget\" data-widget_type=\"heading.default\">\n\t\t\t\t<div class=\"elementor-widget-container\">\n\t\t\t\t\t<h2 class=\"elementor-heading-title elementor-size-default\">Impressum<\/h2>\t\t\t\t<\/div>\n\t\t\t\t<\/div>\n\t\t\t\t<div class=\"elementor-element elementor-element-26bca76d elementor-widget elementor-widget-text-editor\" data-id=\"26bca76d\" data-element_type=\"widget\" data-widget_type=\"text-editor.default\">\n\t\t\t\t<div class=\"elementor-widget-container\">\n\t\t\t\t\t\t\t\t\t<h3 style=\"color: #00afd1;\"><span style=\"color: #779400;\"><strong>Veranstaltende<\/strong><\/span><\/h3><p>\u00a0<\/p><p><span style=\"font-size: 1.1em; color: var( --e-global-color-text ); font-family: var( --e-global-typography-text-font-family ), Sans-serif; letter-spacing: var( --e-global-typography-68caa72-letter-spacing ); word-spacing: var( --e-global-typography-68caa72-word-spacing );\">Senatsverwaltung f\u00fcr Wirtschaft, Energie und Betriebe<\/span><\/p><p>Referat f\u00fcr Grundsatzangelegenheiten der Wirtschaftspolitik<br \/>Martin-Luther-Stra\u00dfe 105 | 10825 Berlin<\/p><p>Tel.: 030 9013 0 | Fax: 030 9013 8455<\/p><p>E-Mail:\u00a0<a href=\"mailto:poststelle@senweb.berlin.de\">poststelle@senweb.berlin.de<\/a><br \/>Website:\u00a0<a href=\"http:\/\/www.berlin.de\/sen\/web\/\" target=\"_blank\" rel=\"noopener\">www.berlin.de\/sen\/web\/<\/a><\/p><p>Die Veranstaltung wird finanziert durch die Senatsverwaltung f\u00fcr Wirtschaft, Energie und Betriebe.<\/p><p>Mit der Organisation und Durchf\u00fchrung der Veranstaltung wurde beauftragt:<\/p><h3 style=\"color: #00afd1;\"><span style=\"color: #779400;\"><strong>Kontakt<\/strong><\/span><\/h3><p>ariadne an der spree GmbH<br \/>Gesch\u00e4ftsf\u00fchrung: Penelope Rosskopf<br \/>Torstra\u00dfe 107<br \/>10119 Berlin<\/p><p>Tel.: 030 259 259 0<br \/>Fax: 030 259 259 99<\/p><p>E-Mail:\u00a0<a href=\"mailto:vielfalt@ariadne-an-der-spree.de\">vielfalt@ariadne-an-der-spree.de<\/a><br \/>Webseite:\u00a0<a href=\"http:\/\/www.ariadne-an-der-spree.de\/\" target=\"_blank\" rel=\"noopener\">www.ariadne-an-der-spree.de<\/a><\/p><p>Handelsregister des Amtsgerichtes Charlottenburg<br \/>Registernummer: HRB 105524 B<\/p><p>Umsatzsteuer-Identifikationsnummer gem\u00e4\u00df \u00a727 a Umsatzsteuergesetz: DE 252416846<br \/>Inhaltlich Verantwortliche gem\u00e4\u00df \u00a7 5 TMG und \u00a7 10 Absatz 3 MDStV: Penelope Rosskopf (Anschrift wie oben)<\/p><p>Redaktion und Gestaltung: ariadne an der spree GmbH<\/p><h3 style=\"color: #00afd1;\"><span style=\"color: #779400;\"><strong>Haftung f\u00fcr Inhalte<\/strong><\/span><\/h3><p>Die Inhalte unserer Seiten wurden mit gr\u00f6\u00dfter Sorgfalt erstellt. F\u00fcr die Richtigkeit, Vollst\u00e4ndigkeit und Aktualit\u00e4t der Inhalte k\u00f6nnen wir jedoch keine Gew\u00e4hr \u00fcbernehmen. Als Diensteanbieter sind wir gem\u00e4\u00df \u00a7 7 Abs.1 TMG f\u00fcr eigene Inhalte auf diesen Seiten nach den allgemeinen Gesetzen verantwortlich. Nach \u00a7\u00a7 8 bis 10 TMG sind wir als Diensteanbieter jedoch nicht verpflichtet, \u00fcbermittelte oder gespeicherte fremde Informationen zu \u00fcberwachen oder nach Umst\u00e4nden zu forschen, die auf eine rechtswidrige T\u00e4tigkeit hinweisen. Verpflichtungen zur Entfernung oder Sperrung der Nutzung von Informationen nach den allgemeinen Gesetzen bleiben hiervon unber\u00fchrt. Eine diesbez\u00fcgliche Haftung ist jedoch erst ab dem Zeitpunkt der Kenntnis einer konkreten Rechtsverletzung m\u00f6glich. Bei Bekanntwerden von entsprechenden Rechtsverletzungen werden wir diese Inhalte umgehend entfernen.<\/p><h3 style=\"color: #00afd1;\"><span style=\"color: #779400;\"><strong>Haftung f\u00fcr Links<\/strong><\/span><\/h3><p>Unser Angebot enth\u00e4lt Links zu externen Websites Dritter, auf deren Inhalte wir keinen Einfluss haben. Deshalb k\u00f6nnen wir f\u00fcr diese fremden Inhalte auch keine Gew\u00e4hr \u00fcbernehmen. F\u00fcr die Inhalte der verlinkten Seiten ist stets der jeweilige Anbieter oder Betreiber der Seiten verantwortlich. Die verlinkten Seiten wurden zum Zeitpunkt der Verlinkung auf m\u00f6gliche Rechtsverst\u00f6\u00dfe \u00fcberpr\u00fcft. Rechtswidrige Inhalte waren zum Zeitpunkt der Verlinkung nicht erkennbar. Eine permanente inhaltliche Kontrolle der verlinkten Seiten ist jedoch ohne konkrete Anhaltspunkte einer Rechtsverletzung nicht zumutbar. Bei Bekanntwerden von Rechtsverletzungen werden wir derartige Links umgehend entfernen.<\/p><h3 style=\"color: #00afd1;\"><span style=\"color: #779400;\"><strong>Urheberrecht<\/strong><\/span><\/h3><p>Die durch die Seitenbetreiber erstellten Inhalte und Werke auf diesen Seiten unterliegen dem deutschen Urheberrecht. Die Vervielf\u00e4ltigung, Bearbeitung, Verbreitung und jede Art der Verwertung au\u00dferhalb der Grenzen des Urheberrechtes bed\u00fcrfen der schriftlichen Zustimmung des jeweiligen Autors bzw. Erstellers. Downloads und Kopien dieser Seite sind nur f\u00fcr den privaten, nicht kommerziellen Gebrauch gestattet. Soweit die Inhalte auf dieser Seite nicht vom Betreiber erstellt wurden, werden die Urheberrechte Dritter beachtet. Insbesondere werden Inhalte Dritter als solche gekennzeichnet. Sollten Sie trotzdem auf eine Urheberrechtsverletzung aufmerksam werden, bitten wir um einen entsprechenden Hinweis. Bei Bekanntwerden von Rechtsverletzungen werden wir derartige Inhalte umgehend entfernen.<\/p><h3 style=\"color: #00afd1;\"><span style=\"color: #779400;\"><strong>Datenschutz<\/strong><\/span><\/h3><p>Die Nutzung unserer Website ist in der Regel ohne Angabe personenbezogener Daten m\u00f6glich. Soweit auf unseren Seiten personenbezogene Daten (beispielsweise Name, Anschrift oder eMail-Adressen) erhoben werden, erfolgt dies, soweit m\u00f6glich, stets auf freiwilliger Basis. Diese Daten werden ohne Ihre ausdr\u00fcckliche Zustimmung nicht an Dritte weitergegeben.<\/p><p>Wir weisen darauf hin, dass die Daten\u00fcbertragung im Internet (z.B. bei der Kommunikation per E-Mail) Sicherheitsl\u00fccken aufweisen kann. Ein l\u00fcckenloser Schutz der Daten vor dem Zugriff durch Dritte ist nicht m\u00f6glich.<br \/>Dieses Impressum gilt sowohl f\u00fcr die Website www.vielfalt-gruendet.de als auch f\u00fcr die Facebook-Fanseite www.facebook.com\/vielfalt.gruendet.de.<\/p>\t\t\t\t\t\t\t\t<\/div>\n\t\t\t\t<\/div>\n\t\t\t\t\t<\/div>\n\t\t<\/div>\n\t\t\t\t\t<\/div>\n\t\t<\/section>\n\t\t\t\t<\/div>","protected":false},"excerpt":{"rendered":"<p>Impressum Veranstaltende \u00a0 Senatsverwaltung f\u00fcr Wirtschaft, Energie und Betriebe Referat f\u00fcr Grundsatzangelegenheiten der WirtschaftspolitikMartin-Luther-Stra\u00dfe 105 | 10825 Berlin Tel.: 030 9013 0 | Fax: 030 9013 8455 E-Mail:\u00a0poststelle@senweb.berlin.deWebsite:\u00a0www.berlin.de\/sen\/web\/ Die Veranstaltung wird finanziert durch die Senatsverwaltung f\u00fcr Wirtschaft, Energie und Betriebe. Mit der Organisation und Durchf\u00fchrung der Veranstaltung wurde beauftragt: Kontakt ariadne an der spree GmbHGesch\u00e4ftsf\u00fchrung: [&hellip;]<\/p>\n","protected":false},"author":1,"featured_media":0,"parent":0,"menu_order":0,"comment_status":"closed","ping_status":"closed","template":"","meta":{"footnotes":""},"categories":[],"tags":[],"class_list":["post-384","page","type-page","status-publish","hentry"],"_links":{"self":[{"href":"https:\/\/vielfalt-gruendet.de\/ku\/wp-json\/wp\/v2\/pages\/384","targetHints":{"allow":["GET"]}}],"collection":[{"href":"https:\/\/vielfalt-gruendet.de\/ku\/wp-json\/wp\/v2\/pages"}],"about":[{"href":"https:\/\/vielfalt-gruendet.de\/ku\/wp-json\/wp\/v2\/types\/page"}],"author":[{"embeddable":true,"href":"https:\/\/vielfalt-gruendet.de\/ku\/wp-json\/wp\/v2\/users\/1"}],"replies":[{"embeddable":true,"href":"https:\/\/vielfalt-gruendet.de\/ku\/wp-json\/wp\/v2\/comments?post=384"}],"version-history":[{"count":13,"href":"https:\/\/vielfalt-gruendet.de\/ku\/wp-json\/wp\/v2\/pages\/384\/revisions"}],"predecessor-version":[{"id":10993,"href":"https:\/\/vielfalt-gruendet.de\/ku\/wp-json\/wp\/v2\/pages\/384\/revisions\/10993"}],"wp:attachment":[{"href":"https:\/\/vielfalt-gruendet.de\/ku\/wp-json\/wp\/v2\/media?parent=384"}],"wp:term":[{"taxonomy":"category","embeddable":true,"href":"https:\/\/vielfalt-gruendet.de\/ku\/wp-json\/wp\/v2\/categories?post=384"},{"taxonomy":"post_tag","embeddable":true,"href":"https:\/\/vielfalt-gruendet.de\/ku\/wp-json\/wp\/v2\/tags?post=384"}],"curies":[{"name":"wp","href":"https:\/\/api.w.org\/{rel}","templated":true}]}}