{"id":11092,"date":"2024-07-09T06:40:49","date_gmt":"2024-07-09T06:40:49","guid":{"rendered":"https:\/\/vielfalt-gruendet.de\/?page_id=11092"},"modified":"2025-02-18T13:28:38","modified_gmt":"2025-02-18T11:28:38","slug":"hintergrund","status":"publish","type":"page","link":"https:\/\/vielfalt-gruendet.de\/pl\/hintergrund","title":{"rendered":"Hintergrund &#8211; Neu"},"content":{"rendered":"<div data-elementor-type=\"wp-post\" data-elementor-id=\"11092\" class=\"elementor elementor-11092\" data-elementor-post-type=\"page\">\n\t\t\t\t\t\t<section data-particle_enable=\"false\" data-particle-mobile-disabled=\"false\" class=\"elementor-section elementor-top-section elementor-element elementor-element-50eca270 elementor-section-boxed elementor-section-height-default elementor-section-height-default\" data-id=\"50eca270\" data-element_type=\"section\">\n\t\t\t\t\t\t<div class=\"elementor-container elementor-column-gap-default\">\n\t\t\t\t\t<div class=\"elementor-column elementor-col-100 elementor-top-column elementor-element elementor-element-2c913f16\" data-id=\"2c913f16\" data-element_type=\"column\">\n\t\t\t<div class=\"elementor-widget-wrap elementor-element-populated\">\n\t\t\t\t\t\t<div class=\"elementor-element elementor-element-6ac96dff elementor-widget elementor-widget-heading\" data-id=\"6ac96dff\" data-element_type=\"widget\" data-widget_type=\"heading.default\">\n\t\t\t\t<div class=\"elementor-widget-container\">\n\t\t\t\t\t<h2 class=\"elementor-heading-title elementor-size-default\">T\u0142o<\/h2>\t\t\t\t<\/div>\n\t\t\t\t<\/div>\n\t\t\t\t<div class=\"elementor-element elementor-element-f829ade elementor-widget elementor-widget-text-editor\" data-id=\"f829ade\" data-element_type=\"widget\" data-widget_type=\"text-editor.default\">\n\t\t\t\t<div class=\"elementor-widget-container\">\n\t\t\t\t\t\t\t\t\t<p><span style=\"color: #808080;\">Cykl seminari\u00f3w<strong> Vielfalt gr\u00fcndet<\/strong><\/span>\u00a0to inicjatywa\u00a0<a href=\"https:\/\/www.berlin.de\/sen\/web\/\">Senatsverwaltung f\u00fcr Wirtschaft, Energie und Betriebe<\/a>\u00a0kt\u00f3ra prowadzona jest od 2003 roku. Obecnie organizacj\u0105 i realizacj\u0105 zajmuje si\u0119 agencja komunikacyjna ariadne an der spree.<\/p><p>We wsp\u00f3\u0142pracy z licznymi spo\u0142eczno\u015bciami etnicznymi oferujemy wieloj\u0119zyczne seminaria dotycz\u0105ce zak\u0142adania dzia\u0142alno\u015bci gospodarczej. Seminaria te skierowane s\u0105 do mi\u0119dzynarodowych os\u00f3b zainteresowanych przedsi\u0119biorczo\u015bci\u0105 w Berlinie i oferuj\u0105 indywidualne porady oraz mo\u017cliwo\u015bci nawi\u0105zywania kontakt\u00f3w.<\/p><p>Uczestnicy otrzymuj\u0105 bezp\u0142atn\u0105 wej\u015bci\u00f3wk\u0119 na Niemieckie Dni Przedsi\u0119biorczo\u015bci i Zak\u0142adania Firm<a href=\"https:\/\/vielfalt-gruendet.de\/pl\/degut\/\">deGUT<\/a>), einer der wichtigsten Messen f\u00fcr Existenzgr\u00fcndung und Unternehmertum, die am 10. und 11. Oktober 2025 stattfinden. Hier k\u00f6nnen Sie sich mit anderen Gr\u00fcnder*innen, Unternehmer*innen und Berater*innen vernetzen und praxisnahe Seminare und Workshops besuchen.<\/p>\t\t\t\t\t\t\t\t<\/div>\n\t\t\t\t<\/div>\n\t\t\t\t\t<\/div>\n\t\t<\/div>\n\t\t\t\t\t<\/div>\n\t\t<\/section>\n\t\t\t\t<\/div>","protected":false},"excerpt":{"rendered":"<p>Hintergrund Die Seminarreihe Vielfalt gr\u00fcndet\u00a0ist ein Angebot der\u00a0Senatsverwaltung f\u00fcr Wirtschaft, Energie und Betriebe\u00a0und wird seit 2003 durchgef\u00fchrt. Mit der Organisation und Durchf\u00fchrung ist aktuell die Kommunikationsagentur ariadne an der spree beauftragt. In Zusammenarbeit mit zahlreichen ethnischen Communities bieten wir mehrsprachige Existenzgr\u00fcndungsseminare an. Diese Seminare richten sich an internationale Gr\u00fcndungsinteressierte in Berlin und bieten individuelle Beratung [&hellip;]<\/p>\n","protected":false},"author":4,"featured_media":0,"parent":0,"menu_order":0,"comment_status":"closed","ping_status":"closed","template":"","meta":{"footnotes":""},"categories":[],"tags":[],"class_list":["post-11092","page","type-page","status-publish","hentry"],"_links":{"self":[{"href":"https:\/\/vielfalt-gruendet.de\/pl\/wp-json\/wp\/v2\/pages\/11092","targetHints":{"allow":["GET"]}}],"collection":[{"href":"https:\/\/vielfalt-gruendet.de\/pl\/wp-json\/wp\/v2\/pages"}],"about":[{"href":"https:\/\/vielfalt-gruendet.de\/pl\/wp-json\/wp\/v2\/types\/page"}],"author":[{"embeddable":true,"href":"https:\/\/vielfalt-gruendet.de\/pl\/wp-json\/wp\/v2\/users\/4"}],"replies":[{"embeddable":true,"href":"https:\/\/vielfalt-gruendet.de\/pl\/wp-json\/wp\/v2\/comments?post=11092"}],"version-history":[{"count":34,"href":"https:\/\/vielfalt-gruendet.de\/pl\/wp-json\/wp\/v2\/pages\/11092\/revisions"}],"predecessor-version":[{"id":11989,"href":"https:\/\/vielfalt-gruendet.de\/pl\/wp-json\/wp\/v2\/pages\/11092\/revisions\/11989"}],"wp:attachment":[{"href":"https:\/\/vielfalt-gruendet.de\/pl\/wp-json\/wp\/v2\/media?parent=11092"}],"wp:term":[{"taxonomy":"category","embeddable":true,"href":"https:\/\/vielfalt-gruendet.de\/pl\/wp-json\/wp\/v2\/categories?post=11092"},{"taxonomy":"post_tag","embeddable":true,"href":"https:\/\/vielfalt-gruendet.de\/pl\/wp-json\/wp\/v2\/tags?post=11092"}],"curies":[{"name":"wp","href":"https:\/\/api.w.org\/{rel}","templated":true}]}}