{"id":11123,"date":"2024-07-09T07:12:06","date_gmt":"2024-07-09T07:12:06","guid":{"rendered":"https:\/\/vielfalt-gruendet.de\/?page_id=11123"},"modified":"2026-01-15T12:15:09","modified_gmt":"2026-01-15T10:15:09","slug":"partner_innen","status":"publish","type":"page","link":"https:\/\/vielfalt-gruendet.de\/pl\/partner_innen","title":{"rendered":"Kooperationspartner*innen"},"content":{"rendered":"<div data-elementor-type=\"wp-page\" data-elementor-id=\"11123\" class=\"elementor elementor-11123\" data-elementor-post-type=\"page\">\n\t\t\t\t\t\t<section data-particle_enable=\"false\" data-particle-mobile-disabled=\"false\" class=\"elementor-section elementor-top-section elementor-element elementor-element-5ff7df6 elementor-section-boxed elementor-section-height-default elementor-section-height-default\" data-id=\"5ff7df6\" data-element_type=\"section\">\n\t\t\t\t\t\t<div class=\"elementor-container elementor-column-gap-default\">\n\t\t\t\t\t<div class=\"elementor-column elementor-col-100 elementor-top-column elementor-element elementor-element-8af28c6\" data-id=\"8af28c6\" data-element_type=\"column\">\n\t\t\t<div class=\"elementor-widget-wrap elementor-element-populated\">\n\t\t\t\t\t\t<div class=\"elementor-element elementor-element-02763ea elementor-hidden-desktop elementor-hidden-tablet elementor-hidden-mobile elementor-widget elementor-widget-heading\" data-id=\"02763ea\" data-element_type=\"widget\" data-widget_type=\"heading.default\">\n\t\t\t\t<div class=\"elementor-widget-container\">\n\t\t\t\t\t<h2 class=\"elementor-heading-title elementor-size-default\">Mediapartner<\/h2>\t\t\t\t<\/div>\n\t\t\t\t<\/div>\n\t\t\t\t<div class=\"elementor-element elementor-element-e657497 elementor-hidden-desktop elementor-hidden-tablet elementor-hidden-mobile elementor-widget elementor-widget-text-editor\" data-id=\"e657497\" data-element_type=\"widget\" data-widget_type=\"text-editor.default\">\n\t\t\t\t<div class=\"elementor-widget-container\">\n\t\t\t\t\t\t\t\t\t<p><img decoding=\"async\" src=\"https:\/\/vielfalt-gruendet.de\/wp-content\/uploads\/2020\/04\/logo-multicult-1-300x158.png\" alt=\"\" width=\"300\" height=\"158\" \/><\/p><div><p><a href=\"http:\/\/multicult.fm\/\" target=\"_blank\" rel=\"noopener\">Radio multicult.fm<\/a><\/p><hr \/><p>Mit Interviews und bilingualen Radiospots begleitet multicult.fm die Seminarreihe.<\/p><div><p>Adresse: Marheinekeplatz 15 | 10961 Berlin<br \/>Telefon:\u00a0(030) 2169 170<br \/>E-Mail: <a href=\"mailto:info@multicult.fm\">info@multicult.fm<\/a><br \/>Web: <a href=\"http:\/\/multicult.fm\/\">http:\/\/multicult.fm\/<\/a><br \/><br \/><\/p><\/div><div><div><div><div><div><div><div><div><div><div><div><div><div><div><div><div><div><div><div><div><div><div><div><div><div><div>\u00a0<\/div><\/div><\/div><\/div><\/div><\/div><\/div><\/div><\/div><\/div><\/div><\/div><\/div><\/div><\/div><\/div><\/div><\/div><\/div><\/div><\/div><\/div><\/div><\/div><\/div><\/div><\/div>\t\t\t\t\t\t\t\t<\/div>\n\t\t\t\t<\/div>\n\t\t\t\t<div class=\"elementor-element elementor-element-d7a64e0 elementor-widget elementor-widget-heading\" data-id=\"d7a64e0\" data-element_type=\"widget\" data-widget_type=\"heading.default\">\n\t\t\t\t<div class=\"elementor-widget-container\">\n\t\t\t\t\t<h2 class=\"elementor-heading-title elementor-size-default\">Kooperationspartner*innen<\/h2>\t\t\t\t<\/div>\n\t\t\t\t<\/div>\n\t\t\t\t\t<\/div>\n\t\t<\/div>\n\t\t\t\t\t<\/div>\n\t\t<\/section>\n\t\t\t\t<section data-particle_enable=\"false\" data-particle-mobile-disabled=\"false\" class=\"elementor-section elementor-top-section elementor-element elementor-element-5870db8 elementor-section-boxed elementor-section-height-default elementor-section-height-default\" data-id=\"5870db8\" data-element_type=\"section\">\n\t\t\t\t\t\t<div class=\"elementor-container elementor-column-gap-default\">\n\t\t\t\t\t<div class=\"elementor-column elementor-col-100 elementor-top-column elementor-element elementor-element-e8b143f\" data-id=\"e8b143f\" data-element_type=\"column\">\n\t\t\t<div class=\"elementor-widget-wrap elementor-element-populated\">\n\t\t\t\t\t\t<div class=\"elementor-element elementor-element-08b16b7 elementor-widget elementor-widget-text-editor\" data-id=\"08b16b7\" data-element_type=\"widget\" data-widget_type=\"text-editor.default\">\n\t\t\t\t<div class=\"elementor-widget-container\">\n\t\t\t\t\t\t\t\t\t<p><img decoding=\"async\" class=\"alignnone size-full wp-image-12054\" src=\"https:\/\/vielfalt-gruendet.de\/wp-content\/uploads\/2025\/03\/logo-afrikahaus.jpg\" alt=\"\" width=\"175\" height=\"53\" srcset=\"https:\/\/vielfalt-gruendet.de\/wp-content\/uploads\/2025\/03\/logo-afrikahaus.jpg 175w, https:\/\/vielfalt-gruendet.de\/wp-content\/uploads\/2025\/03\/logo-afrikahaus-18x5.jpg 18w\" sizes=\"(max-width: 175px) 100vw, 175px\" \/><\/p><div><h6><a href=\"https:\/\/www.afrikahaus-berlin.de\/\" target=\"_blank\" rel=\"noopener\">Afrika Haus Berlin<\/a><\/h6><hr \/><p>Institution f\u00fcr transkulturelle Begegnung und politische Bildung.<\/p><div><p>Adresse: Bochumer Str. 25 | 10555 Berlin<\/p><p>Telefon: (030) 392 20 10<\/p><p>E-Mail:\u00a0<a href=\"mailto:afrikahaus@t-online.de\">afrikahaus@t-online.de<\/a><\/p><p>Web:\u00a0<a href=\"https:\/\/www.afrikahaus-berlin.de\/\">www.afrikahaus-berlin.de<\/a><\/p><p>Ansprechpartner: Oumar Diallo<\/p><p><img decoding=\"async\" class=\"\" src=\"https:\/\/vielfalt-gruendet.de\/wp-content\/uploads\/2018\/02\/GUWBI-Logo-700x250.jpg\" width=\"161\" height=\"58\" \/><\/p><p><a href=\"http:\/\/www.guwbi.de\/\" target=\"_blank\" rel=\"noopener\">GUWBI \u2013 Gesellschaft f\u00fcr Urbane Wirtschaft, Besch\u00e4ftigung und Integration e.V.<\/a><\/p><hr \/><p>Verbessert die wirtschaftlichen Rahmenbedingungen und gesellschaftliche Partizipation von Berliner*innen mit Migrationshintergrund.<\/p><div><p>Adresse:\u00a0Potsdamer Stra\u00dfe 69 | 10785 Berlin<br \/>Telefon:\u00a0(030) 488 174 88<br \/>E-Mail:\u00a0<a href=\"mailto:info@guwbi.de\">info@guwbi.de<\/a><br \/>Web:\u00a0<a href=\"http:\/\/www.guwbi.de\/\">www.guwbi.de<\/a><br \/>Ansprechpartnerin:\u00a0G\u00f6n\u00fcl Nar<\/p><div>\u00a0<\/div><\/div><div><p><img decoding=\"async\" src=\"https:\/\/vielfalt-gruendet.de\/wp-content\/uploads\/2018\/02\/IG-LOGO-Dunkelblaue-Schrift.jpg\" width=\"25%\" \/><\/p><div><p><a href=\"http:\/\/www.iranischegemeinde.org\/\" target=\"_blank\" rel=\"noopener\">Iranische Gemeinde in Deutschland e.V.<\/a><\/p><hr \/><p>F\u00f6rdert die gesellschaftliche und wirtschaftliche Teilhabe von Iraner*innen in Deutschland.<\/p><div><p>Adresse:\u00a0Trautenaustr. 5 (Pangea-Haus) | 10117 Berlin<br \/>Telefon:\u00a0(030) 6098 50189<br \/>E-Mail:\u00a0<a href=\"mailto:info@iranischegemeinde.de\">info@iranischegemeinde.de\u00a0<\/a><br \/>Web:\u00a0<a href=\"http:\/\/www.iranischegemeinde.org\/\">www.iranischegemeinde.org<\/a><br \/>Ansprechpartner:\u00a0Ehsan Djafari<\/p><p><span style=\"font-size: 19.36px;\">\u00a0<\/span><\/p><\/div><div><p><img decoding=\"async\" src=\"https:\/\/vielfalt-gruendet.de\/wp-content\/uploads\/2018\/02\/ISI_Logo_CMYK.jpg\" width=\"30%\" \/><\/p><div><p><a href=\"http:\/\/www.isi-ev.de\/\" target=\"_blank\" rel=\"noopener\">I.S.I. e.V. \u2013 Initiative Selbst\u00e4ndiger Immigrantinnen<\/a><\/p><hr \/><p>Setzt sich seit 1991 f\u00fcr die Integration von Zuwanderinnen ein und bietet Qualifizierung und Begleitung in allen Phasen der Gr\u00fcndung an.<\/p><div><p>Adresse:\u00a0Kurf\u00fcrstenstr. 126 (1. Etage) | 10785 Berlin<br \/>Telefon:\u00a0(030) 6113 336<br \/>E-Mail:\u00a0<a href=\"mailto:info@isi-ev.de\">info@isi-ev.de<\/a> oder <a href=\"mailto:presse@isi-ev.de\">presse@isi-ev.de<\/a><br \/>Web:\u00a0<a href=\"http:\/\/www.isi-ev.de\/\">www.isi-ev.de<\/a><br \/>Ansprechpartnerin: Jenny Mauro<\/p><div><p><img loading=\"lazy\" decoding=\"async\" class=\"alignnone wp-image-11298\" src=\"https:\/\/vielfalt-gruendet.de\/wp-content\/uploads\/2024\/07\/Logo_LOKblanko-289x300.jpg\" alt=\"\" width=\"161\" height=\"167\" srcset=\"https:\/\/vielfalt-gruendet.de\/wp-content\/uploads\/2024\/07\/Logo_LOKblanko-289x300.jpg 289w, https:\/\/vielfalt-gruendet.de\/wp-content\/uploads\/2024\/07\/Logo_LOKblanko-987x1024.jpg 987w, https:\/\/vielfalt-gruendet.de\/wp-content\/uploads\/2024\/07\/Logo_LOKblanko-768x797.jpg 768w, https:\/\/vielfalt-gruendet.de\/wp-content\/uploads\/2024\/07\/Logo_LOKblanko-12x12.jpg 12w, https:\/\/vielfalt-gruendet.de\/wp-content\/uploads\/2024\/07\/Logo_LOKblanko.jpg 1181w\" sizes=\"(max-width: 161px) 100vw, 161px\" \/><\/p><\/div><\/div><div><p><a href=\"https:\/\/lok-berlin.de\/\">LOK.Berlin<\/a><\/p><hr \/><p>Netzwerk f\u00fcr die Existenzgr\u00fcndung und Unternehmenssicherung in Berlin.<\/p><div><p>Adresse: Marchlewskistra\u00dfe 101 | 10243 Berlin<br \/>Telefon: (030) 6693 1593<br \/>E-Mail: <a href=\"mailto:vorstand@lonex-berlin.de\">vorstand@lonex-berlin.de<\/a><br \/>Web: <a href=\"http:\/\/www.lonex-berlin.de\">www.lonex-berlin.de<\/a><br \/>Ansprechpartner: Michael Mashofer<\/p><p>\u00a0<\/p><\/div><p><a href=\"http:\/\/www.club-dialog.de\/de\"><strong>Club Dialog e.V.<\/strong><\/a><\/p><hr \/><p>Migrant*innenorganisation, 1988 in Berlin gegr\u00fcndet, um den gesellschaftlichen Dialog zwischen russischsprechenden und einheimischen Berliner*innen anzuregen und die Integration der Einwanderer*innen zu f\u00f6rdern.<\/p><p>Adresse: Lindower Str. 18 | 13347 Berlin<\/p><p>Telefon: 030\/ 204 48 59<\/p><p>E-Mail: info@club-dialog.de<\/p><p>Web: <a href=\"http:\/\/www.club-dialog.de\/de\">www.club-dialog.de\/de<\/a><\/p><div><div>\u00a0<\/div><\/div><div><div><div><img loading=\"lazy\" decoding=\"async\" class=\"\" src=\"https:\/\/vielfalt-gruendet.de\/wp-content\/uploads\/2019\/10\/NETU_Netzwerk_Europ\u00e4isch-T\u00fcrkischer_Unternehmen-300x137.png\" alt=\"\" width=\"267\" height=\"122\" \/><\/div><\/div><div><div><p><a href=\"http:\/\/www.ne-tu.de\/\" target=\"_blank\" rel=\"noopener\">NETU \u2013 Netzwerk Europ\u00e4isch<\/a><a href=\"http:\/\/www.ne-tu.de\/\" target=\"_blank\" rel=\"noopener\">&#8211;<\/a><a href=\"http:\/\/www.ne-tu.de\/\" target=\"_blank\" rel=\"noopener\">T\u00fcrkischer Unternehmen<\/a><\/p><hr \/><p>Engagiert sich seit 1994 f\u00fcr die Vernetzung und wirtschaftliche F\u00f6rderung europ\u00e4isch-t\u00fcrkischer Unternehmen.<\/p><div><p>Adresse:\u00a0Ansbacher Str. 5 | 10787 Berlin<br \/>Telefon:\u00a0(030) 6859 8598<br \/>E-Mail:\u00a0<a href=\"mailto:info@ne-tu.de\">info@ne-tu.de<\/a><br \/>Web:\u00a0<a href=\"http:\/\/www.ne-tu.de\/\">www.ne-tu.de<\/a><br \/>Ansprechpartner: \u00d6nder Costan<\/p><\/div><\/div><\/div><div>\u00a0<\/div><div><div><p><img loading=\"lazy\" decoding=\"async\" src=\"https:\/\/vielfalt-gruendet.de\/wp-content\/uploads\/2022\/05\/thumbnail_Outlook-signature_.png\" alt=\"\" width=\"140\" height=\"37\" \/><\/p><div><p><a href=\"https:\/\/smart-eg.de\/verein\/\" target=\"_blank\" rel=\"noopener\">SMartDe &#8211; Netzwerk f\u00fcr Kreative e. V.\u00a0<\/a><\/p><hr \/><p>Erleichtert die Arbeitsbedingungen f\u00fcr K\u00fcnstler*innen und Kreative durch mehrsprachige Informationsveranstaltungen, Seminare und Beratungen.<\/p><div><p>Adresse:\u00a0Mehringplatz 8 | 10969 Berlin<br \/>Telefon:\u00a0030 24336740<br \/>E-Mail: <a href=\"mailto:info@smart-de.org\">info@smart-de.org<\/a><br \/>Web: <a href=\"https:\/\/smart-eg.de\/verein\/\">www.smart-eg.de\/verein\/<\/a><br \/>Ansprechpartnerinnen: Magdalena Ziomek<\/p><\/div><\/div><\/div><div><p><img loading=\"lazy\" decoding=\"async\" class=\"\" src=\"https:\/\/vielfalt-gruendet.de\/wp-content\/uploads\/2020\/04\/VdV_Vereinigung-der-Vietnamesen_logo-rot-300x222.jpg\" alt=\"\" width=\"148\" height=\"109\" \/><\/p><div><p><a href=\"http:\/\/vietnam-bb.de\/de\/startseite\/\">Vereinigung der Vietnamesen in Berlin &amp; Brandenburg<\/a><\/p><hr \/><p>Unterst\u00fctzt seit 1992 die Integration von Zugewanderten aus Vietnam in Deutschland.<\/p><div><p>Adresse:\u00a0Sewanstr.43 | 10319 Berlin<br \/>Telefon:\u00a0030\/23908800<br \/>E-Mail: n.viet-berlin@gmx.de<br \/>Web:\u00a0<a href=\"http:\/\/vietnam-bb.de\/de\/startseite\/\" target=\"_blank\" rel=\"noopener\">www.vietnam-bb.de<\/a><br \/>Ansprechpartnerin: Phuong Chi<\/p><\/div><\/div><\/div><\/div><\/div><\/div><\/div><\/div><\/div><\/div><\/div><\/div>\t\t\t\t\t\t\t\t<\/div>\n\t\t\t\t<\/div>\n\t\t\t\t\t<\/div>\n\t\t<\/div>\n\t\t\t\t\t<\/div>\n\t\t<\/section>\n\t\t\t\t<\/div>","protected":false},"excerpt":{"rendered":"<p>Mediapartner Radio multicult.fm Mit Interviews und bilingualen Radiospots begleitet multicult.fm die Seminarreihe. Adresse: Marheinekeplatz 15 | 10961 BerlinTelefon:\u00a0(030) 2169 170E-Mail: info@multicult.fmWeb: http:\/\/multicult.fm\/ \u00a0 Kooperationspartner*innen Afrika Haus Berlin Institution f\u00fcr transkulturelle Begegnung und politische Bildung. Adresse: Bochumer Str. 25 | 10555 Berlin Telefon: (030) 392 20 10 E-Mail:\u00a0afrikahaus@t-online.de Web:\u00a0www.afrikahaus-berlin.de Ansprechpartner: Oumar Diallo GUWBI \u2013 Gesellschaft f\u00fcr [&hellip;]<\/p>\n","protected":false},"author":4,"featured_media":0,"parent":0,"menu_order":0,"comment_status":"closed","ping_status":"closed","template":"","meta":{"footnotes":""},"categories":[],"tags":[],"class_list":["post-11123","page","type-page","status-publish","hentry"],"_links":{"self":[{"href":"https:\/\/vielfalt-gruendet.de\/pl\/wp-json\/wp\/v2\/pages\/11123","targetHints":{"allow":["GET"]}}],"collection":[{"href":"https:\/\/vielfalt-gruendet.de\/pl\/wp-json\/wp\/v2\/pages"}],"about":[{"href":"https:\/\/vielfalt-gruendet.de\/pl\/wp-json\/wp\/v2\/types\/page"}],"author":[{"embeddable":true,"href":"https:\/\/vielfalt-gruendet.de\/pl\/wp-json\/wp\/v2\/users\/4"}],"replies":[{"embeddable":true,"href":"https:\/\/vielfalt-gruendet.de\/pl\/wp-json\/wp\/v2\/comments?post=11123"}],"version-history":[{"count":30,"href":"https:\/\/vielfalt-gruendet.de\/pl\/wp-json\/wp\/v2\/pages\/11123\/revisions"}],"predecessor-version":[{"id":12515,"href":"https:\/\/vielfalt-gruendet.de\/pl\/wp-json\/wp\/v2\/pages\/11123\/revisions\/12515"}],"wp:attachment":[{"href":"https:\/\/vielfalt-gruendet.de\/pl\/wp-json\/wp\/v2\/media?parent=11123"}],"wp:term":[{"taxonomy":"category","embeddable":true,"href":"https:\/\/vielfalt-gruendet.de\/pl\/wp-json\/wp\/v2\/categories?post=11123"},{"taxonomy":"post_tag","embeddable":true,"href":"https:\/\/vielfalt-gruendet.de\/pl\/wp-json\/wp\/v2\/tags?post=11123"}],"curies":[{"name":"wp","href":"https:\/\/api.w.org\/{rel}","templated":true}]}}