{"id":672,"date":"2018-02-20T14:43:30","date_gmt":"2018-02-20T14:43:30","guid":{"rendered":"http:\/\/vielfalt-gruendet.de\/?page_id=672"},"modified":"2020-02-07T14:09:49","modified_gmt":"2020-02-07T14:09:49","slug":"downloads","status":"publish","type":"page","link":"https:\/\/vielfalt-gruendet.de\/pl\/downloads","title":{"rendered":"Downloads"},"content":{"rendered":"<div data-elementor-type=\"wp-post\" data-elementor-id=\"672\" class=\"elementor elementor-672\" data-elementor-post-type=\"page\">\n\t\t\t\t\t\t<section data-particle_enable=\"false\" data-particle-mobile-disabled=\"false\" class=\"elementor-section elementor-top-section elementor-element elementor-element-3d0120a4 elementor-section-boxed elementor-section-height-default elementor-section-height-default\" data-id=\"3d0120a4\" data-element_type=\"section\">\n\t\t\t\t\t\t<div class=\"elementor-container elementor-column-gap-default\">\n\t\t\t\t\t<div class=\"elementor-column elementor-col-100 elementor-top-column elementor-element elementor-element-6ad38841\" data-id=\"6ad38841\" data-element_type=\"column\">\n\t\t\t<div class=\"elementor-widget-wrap elementor-element-populated\">\n\t\t\t\t\t\t<div class=\"elementor-element elementor-element-1ee1ef76 elementor-widget elementor-widget-heading\" data-id=\"1ee1ef76\" data-element_type=\"widget\" data-widget_type=\"heading.default\">\n\t\t\t\t<div class=\"elementor-widget-container\">\n\t\t\t\t\t<h2 class=\"elementor-heading-title elementor-size-default\">F\u00f6rderfibel<\/h2>\t\t\t\t<\/div>\n\t\t\t\t<\/div>\n\t\t\t\t<div class=\"elementor-element elementor-element-2072297 elementor-widget elementor-widget-text-editor\" data-id=\"2072297\" data-element_type=\"widget\" data-widget_type=\"text-editor.default\">\n\t\t\t\t<div class=\"elementor-widget-container\">\n\t\t\t\t\t\t\t\t\t<p>Die F\u00f6rderfibel der Investitionsbank Berlin (IBB) erscheint j\u00e4hrlich und gibt einen umfassenden \u00dcberblick \u00fcber die F\u00f6rderprogramme im Land Berlin.<\/p><p><a href=\"https:\/\/www.ibb.de\/media\/dokumente\/publikationen\/wirtschaft-in-berlin\/foerderfibel\/foerderfibel.pdf\">F\u00f6rderfibel 2019\/2020<\/a><\/p>\t\t\t\t\t\t\t\t<\/div>\n\t\t\t\t<\/div>\n\t\t\t\t<div class=\"elementor-element elementor-element-cd2e054 elementor-widget elementor-widget-heading\" data-id=\"cd2e054\" data-element_type=\"widget\" data-widget_type=\"heading.default\">\n\t\t\t\t<div class=\"elementor-widget-container\">\n\t\t\t\t\t<h2 class=\"elementor-heading-title elementor-size-default\">Gr\u00fcnderZeiten<\/h2>\t\t\t\t<\/div>\n\t\t\t\t<\/div>\n\t\t\t\t<div class=\"elementor-element elementor-element-2ba12ce1 elementor-widget elementor-widget-text-editor\" data-id=\"2ba12ce1\" data-element_type=\"widget\" data-widget_type=\"text-editor.default\">\n\t\t\t\t<div class=\"elementor-widget-container\">\n\t\t\t\t\t\t\t\t\t<p>In den Publikationen des Bundesministeriums f\u00fcr Wirtschaft und Energie \u201cGr\u00fcnderZeiten\u201d finden alle Gr\u00fcnderinnen und Gr\u00fcnder sowie junge Unternehmerinnen und Unternehmer Hinweise, Hilfen und praktische Tipps rund um die Themen der Gr\u00fcndung und des Unternehmertums.<\/p><p><a href=\"https:\/\/www.existenzgruender.de\/SharedDocs\/Downloads\/DE\/GruenderZeiten\/GruenderZeiten-01.pdf?__blob=publicationFile\" target=\"_blank\" rel=\"noopener\">Gr\u00fcnderZeiten Nr. 01<\/a><\/p><hr \/><p>Existenzgr\u00fcndungen in Deutschland | 04\/2018<\/p><p><b><i><u><sub><sup><span style=\"text-decoration: line-through;\"><br \/><\/span><\/sup><\/sub><\/u><\/i><\/b><a href=\"file:\/\/\/Z:\/Vielfalt%20gr\u00fcndet\/2019\/Projektmanagement\/Seminare\/200125_IBB_Seminarreihe_Material_Gr\u00fcnderzeiten02_Stand2017.pdf\" target=\"_blank\" rel=\"noopener\">Gr\u00fcnderZeiten Nr. 02<\/a><\/p><hr \/><p>Information und Beratung | 04\/2018<\/p><p><br \/><a href=\"https:\/\/www.existenzgruender.de\/SharedDocs\/Downloads\/DE\/GruenderZeiten\/GruenderZeiten-03.pdf?__blob=publicationFile\" target=\"_blank\" rel=\"noopener\">Gr\u00fcnderZeiten Nr. 03<\/a><\/p><hr \/><p>Existenzgr\u00fcndungen durch Frauen | 07\/2019<\/p><p><br \/><a href=\"https:\/\/www.existenzgruender.de\/SharedDocs\/Downloads\/DE\/GruenderZeiten\/GruenderZeiten-06.pdf?__blob=publicationFile\" target=\"_blank\" rel=\"noopener\">Gr\u00fcnderZeiten Nr. 06<\/a><\/p><hr \/><p>Existenzgr\u00fcndungsfinanzierung | 03\/2019<\/p><p><br \/><a href=\"https:\/\/www.existenzgruender.de\/SharedDocs\/Downloads\/DE\/GruenderZeiten\/GruenderZeiten-07.pdf?__blob=publicationFile\" target=\"_blank\" rel=\"noopener\">Gr\u00fcnderZeiten Nr. 07<\/a><\/p><hr \/><p>Businessplan | 03\/2019<\/p><p><br \/><a href=\"https:\/\/www.existenzgruender.de\/SharedDocs\/Downloads\/DE\/GruenderZeiten\/GruenderZeiten-09.pdf?__blob=publicationFile\" target=\"_blank\" rel=\"noopener\">Gr\u00fcnderZeiten Nr. 09<\/a><\/p><hr \/><p>Steuern | 07\/2019<\/p><p><br \/><a href=\"https:\/\/www.existenzgruender.de\/SharedDocs\/Downloads\/DE\/GruenderZeiten\/GruenderZeiten-10.pdf?__blob=publicationFile\" target=\"_blank\" rel=\"noopener\">Gr\u00fcnderZeiten Nr. 10<\/a><\/p><hr \/><p>Existenzgr\u00fcndungen durch Migrantinnen und Migranten | 04\/2018<\/p><p><br \/><a href=\"https:\/\/www.existenzgruender.de\/SharedDocs\/Downloads\/DE\/GruenderZeiten\/GruenderZeiten-10-Arabisch.pdf?__blob=publicationFile\" target=\"_blank\" rel=\"noopener\">Gr\u00fcnderZeiten Nr. 10 auf Deutsch und Arabisch<\/a><\/p><hr \/><p>Existenzgr\u00fcndungen durch Migrantinnen und Migranten | 03\/2016<\/p><p><br \/><a href=\"https:\/\/www.existenzgruender.de\/SharedDocs\/Downloads\/DE\/GruenderZeiten\/GruenderZeiten-11.pdf?__blob=publicationFile\" target=\"_blank\" rel=\"noopener\">Gr\u00fcnderZeiten Nr. 11<\/a><\/p><hr \/><p>Rechtsformen | 07\/2019<\/p><p>\u00a0<\/p><p><a href=\"https:\/\/vielfalt-gruendet.de\/wp-content\/uploads\/2018\/02\/GruenderZeiten-16.pdf\" target=\"_blank\" rel=\"noopener\">Gr\u00fcnderZeiten Nr. 16<\/a><\/p><hr \/><p>Gr\u00fcndung aus der Arbeitslosigkeit | 10\/2018<\/p><p><br \/><a href=\"https:\/\/www.existenzgruender.de\/SharedDocs\/Downloads\/DE\/GruenderZeiten\/GruenderZeiten-17.pdf?__blob=publicationFile\" target=\"_blank\" rel=\"noopener\">Gr\u00fcnderZeiten Nr. 17<\/a><\/p><hr \/><p>Existenzgr\u00fcndungen durch freie Berufe | 06\/2019<\/p><p><br \/><a href=\"https:\/\/www.existenzgruender.de\/SharedDocs\/Downloads\/DE\/GruenderZeiten\/GruenderZeiten-20.pdf?__blob=publicationFile\" target=\"_blank\" rel=\"noopener\">Gr\u00fcnderZeiten Nr. 20<\/a><\/p><hr \/><p>Marketing | 01\/2020<\/p><p><br \/><a href=\"https:\/\/www.existenzgruender.de\/SharedDocs\/Downloads\/DE\/GruenderZeiten\/GruenderZeiten-26.pdf?__blob=publicationFile\" target=\"_blank\" rel=\"noopener\">Gr\u00fcnderZeiten Nr. 26<\/a><\/p><hr \/><p>Gr\u00fcnes Licht f\u00fcr den Start | 07\/2017<\/p><p><br \/><a href=\"https:\/\/vielfalt-gruendet.de\/wp-content\/uploads\/2018\/02\/GruenderZeiten-10.pdf\" target=\"_blank\" rel=\"noopener\">FRAUEN gr\u00fcnden \u2013 Gr\u00fcnderinnen und Unternehmerinnen in Deutschland st\u00e4rken<\/a><\/p><hr \/><p>Eine gemeinsame Initiative des BMWi und BMFSFJ<\/p>\t\t\t\t\t\t\t\t<\/div>\n\t\t\t\t<\/div>\n\t\t\t\t\t<\/div>\n\t\t<\/div>\n\t\t\t\t\t<\/div>\n\t\t<\/section>\n\t\t\t\t<\/div>","protected":false},"excerpt":{"rendered":"<p>F\u00f6rderfibel Die F\u00f6rderfibel der Investitionsbank Berlin (IBB) erscheint j\u00e4hrlich und gibt einen umfassenden \u00dcberblick \u00fcber die F\u00f6rderprogramme im Land Berlin. F\u00f6rderfibel 2019\/2020 Gr\u00fcnderZeiten In den Publikationen des Bundesministeriums f\u00fcr Wirtschaft und Energie \u201cGr\u00fcnderZeiten\u201d finden alle Gr\u00fcnderinnen und Gr\u00fcnder sowie junge Unternehmerinnen und Unternehmer Hinweise, Hilfen und praktische Tipps rund um die Themen der Gr\u00fcndung und [&hellip;]<\/p>\n","protected":false},"author":1,"featured_media":0,"parent":0,"menu_order":0,"comment_status":"closed","ping_status":"closed","template":"","meta":{"footnotes":""},"categories":[],"tags":[],"class_list":["post-672","page","type-page","status-publish","hentry"],"_links":{"self":[{"href":"https:\/\/vielfalt-gruendet.de\/pl\/wp-json\/wp\/v2\/pages\/672","targetHints":{"allow":["GET"]}}],"collection":[{"href":"https:\/\/vielfalt-gruendet.de\/pl\/wp-json\/wp\/v2\/pages"}],"about":[{"href":"https:\/\/vielfalt-gruendet.de\/pl\/wp-json\/wp\/v2\/types\/page"}],"author":[{"embeddable":true,"href":"https:\/\/vielfalt-gruendet.de\/pl\/wp-json\/wp\/v2\/users\/1"}],"replies":[{"embeddable":true,"href":"https:\/\/vielfalt-gruendet.de\/pl\/wp-json\/wp\/v2\/comments?post=672"}],"version-history":[{"count":13,"href":"https:\/\/vielfalt-gruendet.de\/pl\/wp-json\/wp\/v2\/pages\/672\/revisions"}],"predecessor-version":[{"id":5603,"href":"https:\/\/vielfalt-gruendet.de\/pl\/wp-json\/wp\/v2\/pages\/672\/revisions\/5603"}],"wp:attachment":[{"href":"https:\/\/vielfalt-gruendet.de\/pl\/wp-json\/wp\/v2\/media?parent=672"}],"wp:term":[{"taxonomy":"category","embeddable":true,"href":"https:\/\/vielfalt-gruendet.de\/pl\/wp-json\/wp\/v2\/categories?post=672"},{"taxonomy":"post_tag","embeddable":true,"href":"https:\/\/vielfalt-gruendet.de\/pl\/wp-json\/wp\/v2\/tags?post=672"}],"curies":[{"name":"wp","href":"https:\/\/api.w.org\/{rel}","templated":true}]}}