{"id":3469,"date":"2019-08-06T14:00:24","date_gmt":"2019-08-06T14:00:24","guid":{"rendered":"http:\/\/vielfalt-gruendet.de\/?page_id=3469"},"modified":"2026-02-27T15:11:06","modified_gmt":"2026-02-27T13:11:06","slug":"seminar-farsi","status":"publish","type":"page","link":"https:\/\/vielfalt-gruendet.de\/ru\/seminar-farsi","title":{"rendered":"\u0424\u0430\u0440\u0441\u0438"},"content":{"rendered":"\t\t<div data-elementor-type=\"wp-post\" data-elementor-id=\"3469\" class=\"elementor elementor-3469\" data-elementor-post-type=\"page\">\n\t\t\t\t\t\t<section data-particle_enable=\"false\" data-particle-mobile-disabled=\"false\" class=\"elementor-section elementor-top-section elementor-element elementor-element-6f36596f forn elementor-section-boxed elementor-section-height-default elementor-section-height-default\" data-id=\"6f36596f\" data-element_type=\"section\">\n\t\t\t\t\t\t<div class=\"elementor-container elementor-column-gap-default\">\n\t\t\t\t\t<div class=\"elementor-column elementor-col-100 elementor-top-column elementor-element elementor-element-4fe2ff47\" data-id=\"4fe2ff47\" data-element_type=\"column\">\n\t\t\t<div class=\"elementor-widget-wrap elementor-element-populated\">\n\t\t\t\t\t\t<div class=\"elementor-element elementor-element-643cbd2 elementor-widget elementor-widget-heading\" data-id=\"643cbd2\" data-element_type=\"widget\" data-widget_type=\"heading.default\">\n\t\t\t\t<div class=\"elementor-widget-container\">\n\t\t\t\t\t<h2 class=\"elementor-heading-title elementor-size-default\">Existenzgr\u00fcndungsseminar f\u00fcr Farsi sprechende Gr\u00fcndungsinteressierte<\/h2>\t\t\t\t<\/div>\n\t\t\t\t<\/div>\n\t\t\t\t<div class=\"elementor-element elementor-element-5ebc8fe elementor-widget elementor-widget-text-editor\" data-id=\"5ebc8fe\" data-element_type=\"widget\" data-widget_type=\"text-editor.default\">\n\t\t\t\t<div class=\"elementor-widget-container\">\n\t\t\t\t\t\t\t\t\t<p>Sie m\u00f6chten ein Unternehmen gr\u00fcnden, kennen die Schritte zur Selbstst\u00e4ndigkeit aber noch nicht? Sie sprechen Deutsch, w\u00fcrden sich aber freuen, zus\u00e4tzlich Informationen auf Farsi zu erhalten und andere Gr\u00fcndungsinteressierte aus Ihrer Community zu treffen?<\/p><p>Dann melden Sie sich f\u00fcr unser kulturspezifisches Orientierungsseminar auf Farsi an! An einem Tag bekommen Sie die wichtigsten Informationen zum Thema Gr\u00fcndung und werden pers\u00f6nlich und kompetent beraten.<\/p><p>Das Seminar ist kostenlos.<\/p>\t\t\t\t\t\t\t\t<\/div>\n\t\t\t\t<\/div>\n\t\t\t\t<div class=\"elementor-element elementor-element-6ef7de28 elementor-widget elementor-widget-heading\" data-id=\"6ef7de28\" data-element_type=\"widget\" data-widget_type=\"heading.default\">\n\t\t\t\t<div class=\"elementor-widget-container\">\n\t\t\t\t\t<h2 class=\"elementor-heading-title elementor-size-default\">\u00dcberblick<\/h2>\t\t\t\t<\/div>\n\t\t\t\t<\/div>\n\t\t\t\t<div class=\"elementor-element elementor-element-1159ba00 elementor-widget elementor-widget-text-editor\" data-id=\"1159ba00\" data-element_type=\"widget\" data-widget_type=\"text-editor.default\">\n\t\t\t\t<div class=\"elementor-widget-container\">\n\t\t\t\t\t\t\t\t\t<h3>Termin:<\/h3><p><strong>Freitag, 22.05.2026<\/strong><br \/>10:00-16:00 Uhr<\/p><p>Iranische Gemeinde in Deutschland e.V.<br \/>Trautenaustra\u00dfe 5<br \/>10717 Berlin<\/p><p><a href=\"https:\/\/app.guestoo.de\/public\/event\/7c34426f-e608-4a22-b2fe-fda28b39d056\">Hier anmelden<\/a><\/p><h3>Kooperationspartner*innen:<\/h3><p>Das Seminar wird zusammen mit <a href=\"http:\/\/www.guwbi.de\/\" target=\"_blank\" rel=\"noopener\">GUWBI \u2013 Gesellschaft f\u00fcr Urbane Wirtschaft, Besch\u00e4ftigung und Integration e. V<\/a> und der <a href=\"http:\/\/iranischegemeinde.org\/de\">Iranischen Gemeinde in Deutschland e. V. <\/a>durchgef\u00fchrt.<\/p><h3>Referierende:<\/h3><p><strong>G\u00f6n\u00fcl Nar<\/strong><\/p><p>G\u00f6n\u00fcl Nar ist seit 2005 Businesscoach und seit 2000 Existenzgr\u00fcndungsberaterin. Seitdem bietet sie erfolgreich Seminare rund um das Thema Gr\u00fcndung an und f\u00fchrt Gr\u00fcnderinnen und Gr\u00fcnder zum Erfolg.<\/p>\t\t\t\t\t\t\t\t<\/div>\n\t\t\t\t<\/div>\n\t\t\t\t<div class=\"elementor-element elementor-element-13432875 elementor-widget elementor-widget-heading\" data-id=\"13432875\" data-element_type=\"widget\" data-widget_type=\"heading.default\">\n\t\t\t\t<div class=\"elementor-widget-container\">\n\t\t\t\t\t<h2 class=\"elementor-heading-title elementor-size-default\">R\u00fcckblick<\/h2>\t\t\t\t<\/div>\n\t\t\t\t<\/div>\n\t\t\t\t<div class=\"elementor-element elementor-element-93bf75a elementor-widget elementor-widget-text-editor\" data-id=\"93bf75a\" data-element_type=\"widget\" data-widget_type=\"text-editor.default\">\n\t\t\t\t<div class=\"elementor-widget-container\">\n\t\t\t\t\t\t\t\t\t<p>Bereits mehrfach hat ein Seminar f\u00fcr Gefl\u00fcchtete mit Farsikenntnissen stattgefunden. Mit regem Interesse und vielen Fragen haben die Teilnehmenden ihr Wissen zum Thema Gr\u00fcndung erweitern k\u00f6nnen. Unter ihnen waren unter anderem Wissenschaftler\/-innen, \u00c4rzt\/-innen, Mechaniker\/-innen, Ingenieur\/-innen. Viele von ihnen befinden sich bereits in der Gr\u00fcndungsphase.<\/p>\t\t\t\t\t\t\t\t<\/div>\n\t\t\t\t<\/div>\n\t\t\t\t<div class=\"elementor-element elementor-element-ca71845 elementor-arrows-position-inside elementor-pagination-position-outside elementor-widget elementor-widget-image-carousel\" data-id=\"ca71845\" data-element_type=\"widget\" data-settings=\"{&quot;slides_to_show&quot;:&quot;1&quot;,&quot;navigation&quot;:&quot;both&quot;,&quot;autoplay&quot;:&quot;yes&quot;,&quot;pause_on_hover&quot;:&quot;yes&quot;,&quot;pause_on_interaction&quot;:&quot;yes&quot;,&quot;autoplay_speed&quot;:5000,&quot;infinite&quot;:&quot;yes&quot;,&quot;effect&quot;:&quot;slide&quot;,&quot;speed&quot;:500}\" data-widget_type=\"image-carousel.default\">\n\t\t\t\t<div class=\"elementor-widget-container\">\n\t\t\t\t\t\t\t<div class=\"elementor-image-carousel-wrapper swiper\" role=\"region\" aria-roledescription=\"carousel\" aria-label=\"Bild Karussell\" dir=\"ltr\">\n\t\t\t<div class=\"elementor-image-carousel swiper-wrapper\" aria-live=\"off\">\n\t\t\t\t\t\t\t\t<div class=\"swiper-slide\" role=\"group\" aria-roledescription=\"slide\" aria-label=\"1 of 9\"><figure class=\"swiper-slide-inner\"><img decoding=\"async\" class=\"swiper-slide-image\" src=\"https:\/\/vielfalt-gruendet.de\/wp-content\/uploads\/2018\/04\/IMG_20170607_181240-768x461.jpg\" alt=\"IMG_20170607_181240\" \/><\/figure><\/div><div class=\"swiper-slide\" role=\"group\" aria-roledescription=\"slide\" aria-label=\"2 of 9\"><figure class=\"swiper-slide-inner\"><img decoding=\"async\" class=\"swiper-slide-image\" src=\"https:\/\/vielfalt-gruendet.de\/wp-content\/uploads\/2018\/04\/DSC_0007-768x512.jpg\" alt=\"DSC_0007\" \/><\/figure><\/div><div class=\"swiper-slide\" role=\"group\" aria-roledescription=\"slide\" aria-label=\"3 of 9\"><figure class=\"swiper-slide-inner\"><img decoding=\"async\" class=\"swiper-slide-image\" src=\"https:\/\/vielfalt-gruendet.de\/wp-content\/uploads\/2018\/04\/DSC_0004-768x512.jpg\" alt=\"DSC_0004\" \/><\/figure><\/div><div class=\"swiper-slide\" role=\"group\" aria-roledescription=\"slide\" aria-label=\"4 of 9\"><figure class=\"swiper-slide-inner\"><img decoding=\"async\" class=\"swiper-slide-image\" src=\"https:\/\/vielfalt-gruendet.de\/wp-content\/uploads\/2018\/04\/IMG_20170607_181500-768x484.jpg\" alt=\"IMG_20170607_181500\" \/><\/figure><\/div><div class=\"swiper-slide\" role=\"group\" aria-roledescription=\"slide\" aria-label=\"5 of 9\"><figure class=\"swiper-slide-inner\"><img decoding=\"async\" class=\"swiper-slide-image\" src=\"https:\/\/vielfalt-gruendet.de\/wp-content\/uploads\/2020\/11\/Foto-Goenuel-Ehsan-768x446.png\" alt=\"Foto G\u00f6n\u00fcl, Ehsan\" \/><\/figure><\/div><div class=\"swiper-slide\" role=\"group\" aria-roledescription=\"slide\" aria-label=\"6 of 9\"><figure class=\"swiper-slide-inner\"><img decoding=\"async\" class=\"swiper-slide-image\" src=\"https:\/\/vielfalt-gruendet.de\/wp-content\/uploads\/2022\/01\/image00004-1-768x576.jpeg\" alt=\"image00004\" \/><\/figure><\/div><div class=\"swiper-slide\" role=\"group\" aria-roledescription=\"slide\" aria-label=\"7 of 9\"><figure class=\"swiper-slide-inner\"><img decoding=\"async\" class=\"swiper-slide-image\" src=\"https:\/\/vielfalt-gruendet.de\/wp-content\/uploads\/2023\/10\/gesamt-768x576.jpeg\" alt=\"gesamt\" \/><\/figure><\/div><div class=\"swiper-slide\" role=\"group\" aria-roledescription=\"slide\" aria-label=\"8 of 9\"><figure class=\"swiper-slide-inner\"><img decoding=\"async\" class=\"swiper-slide-image\" src=\"https:\/\/vielfalt-gruendet.de\/wp-content\/uploads\/2023\/10\/gesamt_2-768x576.jpeg\" alt=\"gesamt_2\" \/><\/figure><\/div><div class=\"swiper-slide\" role=\"group\" aria-roledescription=\"slide\" aria-label=\"9 of 9\"><figure class=\"swiper-slide-inner\"><img decoding=\"async\" class=\"swiper-slide-image\" src=\"https:\/\/vielfalt-gruendet.de\/wp-content\/uploads\/2023\/10\/Goenuel-768x576.jpeg\" alt=\"G\u00f6n\u00fcl\" \/><\/figure><\/div>\t\t\t<\/div>\n\t\t\t\t\t\t\t\t\t\t\t\t<div class=\"elementor-swiper-button elementor-swiper-button-prev\" role=\"button\" tabindex=\"0\">\n\t\t\t\t\t\t<i aria-hidden=\"true\" class=\"eicon-chevron-left\"><\/i>\t\t\t\t\t<\/div>\n\t\t\t\t\t<div class=\"elementor-swiper-button elementor-swiper-button-next\" role=\"button\" tabindex=\"0\">\n\t\t\t\t\t\t<i aria-hidden=\"true\" class=\"eicon-chevron-right\"><\/i>\t\t\t\t\t<\/div>\n\t\t\t\t\n\t\t\t\t\t\t\t\t\t<div class=\"swiper-pagination\"><\/div>\n\t\t\t\t\t\t\t\t\t<\/div>\n\t\t\t\t\t\t<\/div>\n\t\t\t\t<\/div>\n\t\t\t\t<div class=\"elementor-element elementor-element-4f76a9ff elementor-hidden-desktop elementor-hidden-tablet elementor-hidden-phone elementor-widget elementor-widget-heading\" data-id=\"4f76a9ff\" data-element_type=\"widget\" data-widget_type=\"heading.default\">\n\t\t\t\t<div class=\"elementor-widget-container\">\n\t\t\t\t\t<h2 class=\"elementor-heading-title elementor-size-default\">Anmeldung<\/h2>\t\t\t\t<\/div>\n\t\t\t\t<\/div>\n\t\t\t\t\t<\/div>\n\t\t<\/div>\n\t\t\t\t\t<\/div>\n\t\t<\/section>\n\t\t\t\t<section data-particle_enable=\"false\" data-particle-mobile-disabled=\"false\" class=\"elementor-section elementor-top-section elementor-element elementor-element-67ced0f elementor-section-boxed elementor-section-height-default elementor-section-height-default\" data-id=\"67ced0f\" data-element_type=\"section\">\n\t\t\t\t\t\t<div class=\"elementor-container elementor-column-gap-default\">\n\t\t\t\t\t<div class=\"elementor-column elementor-col-100 elementor-top-column elementor-element elementor-element-04c2860\" data-id=\"04c2860\" data-element_type=\"column\">\n\t\t\t<div class=\"elementor-widget-wrap elementor-element-populated\">\n\t\t\t\t\t\t<div class=\"elementor-element elementor-element-5dc8cfd elementor-button-align-center elementor-hidden-desktop elementor-hidden-tablet elementor-hidden-phone elementor-widget elementor-widget-form\" data-id=\"5dc8cfd\" data-element_type=\"widget\" data-settings=\"{&quot;step_next_label&quot;:&quot;N\\u00e4chster&quot;,&quot;step_previous_label&quot;:&quot;Voriger&quot;,&quot;button_width&quot;:&quot;100&quot;,&quot;step_type&quot;:&quot;number_text&quot;,&quot;step_icon_shape&quot;:&quot;circle&quot;}\" data-widget_type=\"form.default\">\n\t\t\t\t<div class=\"elementor-widget-container\">\n\t\t\t\t\t\t\t<form class=\"elementor-form\" method=\"post\" name=\"Farsi Formular\">\n\t\t\t<input type=\"hidden\" name=\"post_id\" value=\"3469\"\/>\n\t\t\t<input type=\"hidden\" name=\"form_id\" value=\"5dc8cfd\"\/>\n\t\t\t<input type=\"hidden\" name=\"referer_title\" value=\"\" \/>\n\n\t\t\t\n\t\t\t<div class=\"elementor-form-fields-wrapper elementor-labels-above\">\n\t\t\t\t\t\t\t\t<div class=\"elementor-field-type-text elementor-field-group elementor-column elementor-field-group-name elementor-col-50 elementor-field-required elementor-mark-required\">\n\t\t\t\t\t\t\t\t\t\t\t\t<label for=\"form-field-name\" class=\"elementor-field-label\">\n\t\t\t\t\t\t\t\tVorname\t\t\t\t\t\t\t<\/label>\n\t\t\t\t\t\t\t\t\t\t\t\t\t\t<input size=\"1\" type=\"text\" name=\"form_fields[name]\" id=\"form-field-name\" class=\"elementor-field elementor-size-sm  elementor-field-textual\" required=\"required\" aria-required=\"true\">\n\t\t\t\t\t\t\t\t\t\t\t<\/div>\n\t\t\t\t\t\t\t\t<div class=\"elementor-field-type-text elementor-field-group elementor-column elementor-field-group-field_24f4368 elementor-col-50 elementor-field-required elementor-mark-required\">\n\t\t\t\t\t\t\t\t\t\t\t\t<label for=\"form-field-field_24f4368\" class=\"elementor-field-label\">\n\t\t\t\t\t\t\t\tNachname\t\t\t\t\t\t\t<\/label>\n\t\t\t\t\t\t\t\t\t\t\t\t\t\t<input size=\"1\" type=\"text\" name=\"form_fields[field_24f4368]\" id=\"form-field-field_24f4368\" class=\"elementor-field elementor-size-sm  elementor-field-textual\" required=\"required\" aria-required=\"true\">\n\t\t\t\t\t\t\t\t\t\t\t<\/div>\n\t\t\t\t\t\t\t\t<div class=\"elementor-field-type-email elementor-field-group elementor-column elementor-field-group-email elementor-col-50 elementor-field-required elementor-mark-required\">\n\t\t\t\t\t\t\t\t\t\t\t\t<label for=\"form-field-email\" class=\"elementor-field-label\">\n\t\t\t\t\t\t\t\tE-Mail\t\t\t\t\t\t\t<\/label>\n\t\t\t\t\t\t\t\t\t\t\t\t\t\t<input size=\"1\" type=\"email\" name=\"form_fields[email]\" id=\"form-field-email\" class=\"elementor-field elementor-size-sm  elementor-field-textual\" required=\"required\" aria-required=\"true\">\n\t\t\t\t\t\t\t\t\t\t\t<\/div>\n\t\t\t\t\t\t\t\t<div class=\"elementor-field-type-text elementor-field-group elementor-column elementor-field-group-field_f4dacb3 elementor-col-50 elementor-field-required elementor-mark-required\">\n\t\t\t\t\t\t\t\t\t\t\t\t<label for=\"form-field-field_f4dacb3\" class=\"elementor-field-label\">\n\t\t\t\t\t\t\t\tWohnort\t\t\t\t\t\t\t<\/label>\n\t\t\t\t\t\t\t\t\t\t\t\t\t\t<input size=\"1\" type=\"text\" name=\"form_fields[field_f4dacb3]\" id=\"form-field-field_f4dacb3\" class=\"elementor-field elementor-size-sm  elementor-field-textual\" required=\"required\" aria-required=\"true\">\n\t\t\t\t\t\t\t\t\t\t\t<\/div>\n\t\t\t\t\t\t\t\t<div class=\"elementor-field-type-textarea elementor-field-group elementor-column elementor-field-group-message elementor-col-100\">\n\t\t\t\t\t\t\t\t\t\t\t\t<label for=\"form-field-message\" class=\"elementor-field-label\">\n\t\t\t\t\t\t\t\tAnmerkungen\t\t\t\t\t\t\t<\/label>\n\t\t\t\t\t\t<textarea class=\"elementor-field-textual elementor-field  elementor-size-sm\" name=\"form_fields[message]\" id=\"form-field-message\" rows=\"4\"><\/textarea>\t\t\t\t<\/div>\n\t\t\t\t\t\t\t\t<div class=\"elementor-field-type-acceptance elementor-field-group elementor-column elementor-field-group-field_9cb3dea elementor-col-100 elementor-field-required elementor-mark-required\">\n\t\t\t\t\t\t\t<div class=\"elementor-field-subgroup\">\n\t\t\t<span class=\"elementor-field-option\">\n\t\t\t\t<input type=\"checkbox\" name=\"form_fields[field_9cb3dea]\" id=\"form-field-field_9cb3dea\" class=\"elementor-field elementor-size-sm  elementor-acceptance-field\" required=\"required\" aria-required=\"true\">\n\t\t\t\t<label for=\"form-field-field_9cb3dea\">Ich akzeptiere die <a href=\"https:\/\/vielfalt-gruendet.de\/allgemeine-teilnahmebedingungen\/\">Gesch\u00e4ftsbedingungen<\/a>.<\/label>\t\t\t<\/span>\n\t\t<\/div>\n\t\t\t\t\t\t<\/div>\n\t\t\t\t\t\t\t\t<div class=\"elementor-field-type-acceptance elementor-field-group elementor-column elementor-field-group-field_180f60f elementor-col-100 elementor-field-required elementor-mark-required\">\n\t\t\t\t\t\t\t<div class=\"elementor-field-subgroup\">\n\t\t\t<span class=\"elementor-field-option\">\n\t\t\t\t<input type=\"checkbox\" name=\"form_fields[field_180f60f]\" id=\"form-field-field_180f60f\" class=\"elementor-field elementor-size-sm  elementor-acceptance-field\" required=\"required\" aria-required=\"true\">\n\t\t\t\t<label for=\"form-field-field_180f60f\">Ich stimme zu, dass meine Angaben aus dem Kontaktformular zur Beantwortung meiner Anfrage erhoben und verarbeitet werden. Die Daten werden nach abgeschlossener Bearbeitung der Anfrage gel\u00f6scht. \nHinweis: Sie k\u00f6nnen Ihre Einwilligung jederzeit per E-Mail an <a href=\"mailto:vielfalt@ariadne-an-der-spree.de target=\"_top\">vielfalt@ariadne-an-der-spree.de<\/a> widerrufen. Detaillierte Informationen zum Umgang mit Nutzerdaten finden Sie in unserer  <a href=\"https:\/\/vielfalt-gruendet.de\/datenschutz\/\">Datenschutzerkl\u00e4rung<\/a>.<\/label>\t\t\t<\/span>\n\t\t<\/div>\n\t\t\t\t\t\t<\/div>\n\t\t\t\t\t\t\t\t<div class=\"elementor-field-type-acceptance elementor-field-group elementor-column elementor-field-group-field_773eda0 elementor-col-100 elementor-field-required elementor-mark-required\">\n\t\t\t\t\t\t\t<div class=\"elementor-field-subgroup\">\n\t\t\t<span class=\"elementor-field-option\">\n\t\t\t\t<input type=\"checkbox\" name=\"form_fields[field_773eda0]\" id=\"form-field-field_773eda0\" class=\"elementor-field elementor-size-sm  elementor-acceptance-field\" required=\"required\" aria-required=\"true\">\n\t\t\t\t<label for=\"form-field-field_773eda0\">Ich stimme mit meiner Teilnahme der Aufzeichnung des Online-Seminars zu, in dem mein Gesicht nicht zu sehen sein wird.<\/label>\t\t\t<\/span>\n\t\t<\/div>\n\t\t\t\t\t\t<\/div>\n\t\t\t\t\t\t\t\t<div class=\"elementor-field-type-acceptance elementor-field-group elementor-column elementor-field-group-field_9351bf9 elementor-col-100 elementor-field-required elementor-mark-required\">\n\t\t\t\t\t\t\t<div class=\"elementor-field-subgroup\">\n\t\t\t<span class=\"elementor-field-option\">\n\t\t\t\t<input type=\"checkbox\" name=\"form_fields[field_9351bf9]\" id=\"form-field-field_9351bf9\" class=\"elementor-field elementor-size-sm  elementor-acceptance-field\" required=\"required\" aria-required=\"true\">\n\t\t\t\t<label for=\"form-field-field_9351bf9\">Mit meiner Teilnahme an einem Vielfalt gr\u00fcndet-Online-Seminar stimme ich den <a href=\"https:\/\/clickmeeting.com\/de\/legal\">Datenschutzbestimmungen und den AGB<\/a> von ClickMeeting zu. Ich gebe mich somit damit einverstanden, dass mein Name und meine E-Mailadresse von ClickMeeting gespeichert werden. Ich habe jederzeit das Recht, meine Zustimmung zur Speicherung meiner Daten zu erteilen und zu widerrufen. Weitere Informationen sind den Datenschutzbestimmungen von ClickMeeting zu entnehmen (siehe oben).<\/label>\t\t\t<\/span>\n\t\t<\/div>\n\t\t\t\t\t\t<\/div>\n\t\t\t\t\t\t\t\t<div class=\"elementor-field-group elementor-column elementor-field-type-submit elementor-col-100 e-form__buttons\">\n\t\t\t\t\t<button type=\"submit\" class=\"elementor-button elementor-size-sm\">\n\t\t\t\t\t\t<span >\n\t\t\t\t\t\t\t\t\t\t\t\t\t\t\t<span class=\"elementor-align-icon-left elementor-button-icon\">\n\t\t\t\t\t\t\t\t\t<i aria-hidden=\"true\" class=\"fas fa-check\"><\/i>\t\t\t\t\t\t\t\t\t\t\t\t\t\t\t\t\t<\/span>\n\t\t\t\t\t\t\t\t\t\t\t\t\t\t\t\t\t\t\t\t\t\t<span class=\"elementor-button-text\">Senden<\/span>\n\t\t\t\t\t\t\t\t\t\t\t\t\t<\/span>\n\t\t\t\t\t<\/button>\n\t\t\t\t<\/div>\n\t\t\t<\/div>\n\t\t<\/form>\n\t\t\t\t\t\t<\/div>\n\t\t\t\t<\/div>\n\t\t\t\t\t<\/div>\n\t\t<\/div>\n\t\t\t\t\t<\/div>\n\t\t<\/section>\n\t\t\t\t<\/div>\n\t\t","protected":false},"excerpt":{"rendered":"<p>Existenzgr\u00fcndungsseminar f\u00fcr Farsi sprechende Gr\u00fcndungsinteressierte Sie m\u00f6chten ein Unternehmen gr\u00fcnden, kennen die Schritte zur Selbstst\u00e4ndigkeit aber noch nicht? Sie sprechen Deutsch, w\u00fcrden sich aber freuen, zus\u00e4tzlich Informationen auf Farsi zu erhalten und andere Gr\u00fcndungsinteressierte aus Ihrer Community zu treffen? Dann melden Sie sich f\u00fcr unser kulturspezifisches Orientierungsseminar auf Farsi an! An einem Tag bekommen Sie [&hellip;]<\/p>\n","protected":false},"author":1,"featured_media":3577,"parent":0,"menu_order":0,"comment_status":"closed","ping_status":"closed","template":"","meta":{"footnotes":""},"categories":[19],"tags":[],"class_list":["post-3469","page","type-page","status-publish","has-post-thumbnail","hentry","category-seminare"],"_links":{"self":[{"href":"https:\/\/vielfalt-gruendet.de\/ru\/wp-json\/wp\/v2\/pages\/3469","targetHints":{"allow":["GET"]}}],"collection":[{"href":"https:\/\/vielfalt-gruendet.de\/ru\/wp-json\/wp\/v2\/pages"}],"about":[{"href":"https:\/\/vielfalt-gruendet.de\/ru\/wp-json\/wp\/v2\/types\/page"}],"author":[{"embeddable":true,"href":"https:\/\/vielfalt-gruendet.de\/ru\/wp-json\/wp\/v2\/users\/1"}],"replies":[{"embeddable":true,"href":"https:\/\/vielfalt-gruendet.de\/ru\/wp-json\/wp\/v2\/comments?post=3469"}],"version-history":[{"count":129,"href":"https:\/\/vielfalt-gruendet.de\/ru\/wp-json\/wp\/v2\/pages\/3469\/revisions"}],"predecessor-version":[{"id":12683,"href":"https:\/\/vielfalt-gruendet.de\/ru\/wp-json\/wp\/v2\/pages\/3469\/revisions\/12683"}],"wp:featuredmedia":[{"embeddable":true,"href":"https:\/\/vielfalt-gruendet.de\/ru\/wp-json\/wp\/v2\/media\/3577"}],"wp:attachment":[{"href":"https:\/\/vielfalt-gruendet.de\/ru\/wp-json\/wp\/v2\/media?parent=3469"}],"wp:term":[{"taxonomy":"category","embeddable":true,"href":"https:\/\/vielfalt-gruendet.de\/ru\/wp-json\/wp\/v2\/categories?post=3469"},{"taxonomy":"post_tag","embeddable":true,"href":"https:\/\/vielfalt-gruendet.de\/ru\/wp-json\/wp\/v2\/tags?post=3469"}],"curies":[{"name":"wp","href":"https:\/\/api.w.org\/{rel}","templated":true}]}}