{"id":11092,"date":"2024-07-09T06:40:49","date_gmt":"2024-07-09T06:40:49","guid":{"rendered":"https:\/\/vielfalt-gruendet.de\/?page_id=11092"},"modified":"2025-02-18T13:28:38","modified_gmt":"2025-02-18T11:28:38","slug":"hintergrund","status":"publish","type":"page","link":"https:\/\/vielfalt-gruendet.de\/uk\/hintergrund","title":{"rendered":"Hintergrund &#8211; Neu"},"content":{"rendered":"<div data-elementor-type=\"wp-post\" data-elementor-id=\"11092\" class=\"elementor elementor-11092\" data-elementor-post-type=\"page\">\n\t\t\t\t\t\t<section data-particle_enable=\"false\" data-particle-mobile-disabled=\"false\" class=\"elementor-section elementor-top-section elementor-element elementor-element-50eca270 elementor-section-boxed elementor-section-height-default elementor-section-height-default\" data-id=\"50eca270\" data-element_type=\"section\">\n\t\t\t\t\t\t<div class=\"elementor-container elementor-column-gap-default\">\n\t\t\t\t\t<div class=\"elementor-column elementor-col-100 elementor-top-column elementor-element elementor-element-2c913f16\" data-id=\"2c913f16\" data-element_type=\"column\">\n\t\t\t<div class=\"elementor-widget-wrap elementor-element-populated\">\n\t\t\t\t\t\t<div class=\"elementor-element elementor-element-6ac96dff elementor-widget elementor-widget-heading\" data-id=\"6ac96dff\" data-element_type=\"widget\" data-widget_type=\"heading.default\">\n\t\t\t\t<div class=\"elementor-widget-container\">\n\t\t\t\t\t<h2 class=\"elementor-heading-title elementor-size-default\">\u041f\u0435\u0440\u0435\u0434\u0443\u043c\u043e\u0432\u0438<\/h2>\t\t\t\t<\/div>\n\t\t\t\t<\/div>\n\t\t\t\t<div class=\"elementor-element elementor-element-f829ade elementor-widget elementor-widget-text-editor\" data-id=\"f829ade\" data-element_type=\"widget\" data-widget_type=\"text-editor.default\">\n\t\t\t\t<div class=\"elementor-widget-container\">\n\t\t\t\t\t\t\t\t\t<p><span style=\"color: #808080;\">\u0421\u0435\u0440\u0456\u044f \u0441\u0435\u043c\u0456\u043d\u0430\u0440\u0456\u0432<strong> Vielfalt gr\u00fcndet<\/strong><\/span>\u00a0\u0454 \u0456\u043d\u0456\u0446\u0456\u0430\u0442\u0438\u0432\u043e\u044e \u0421\u0435\u043d\u0430\u0442\u0441\u044c\u043a\u043e\u0433\u043e \u0443\u043f\u0440\u0430\u0432\u043b\u0456\u043d\u043d\u044f \u0437 \u0435\u043a\u043e\u043d\u043e\u043c\u0456\u043a\u0438, \u0435\u043d\u0435\u0440\u0433\u0435\u0442\u0438\u043a\u0438 \u0442\u0430 \u043f\u0456\u0434\u043f\u0440\u0438\u0454\u043c\u0441\u0442\u0432\u00a0<a href=\"https:\/\/www.berlin.de\/sen\/web\/\">Senatsverwaltung f\u00fcr Wirtschaft, Energie und Betriebe<\/a>\u00a0\u0456 \u043f\u0440\u043e\u0432\u043e\u0434\u0438\u0442\u044c\u0441\u044f \u0437 2003 \u0440\u043e\u043a\u0443. \u041d\u0430\u0440\u0430\u0437\u0456 \u043e\u0440\u0433\u0430\u043d\u0456\u0437\u0430\u0446\u0456\u0454\u044e \u0442\u0430 \u043f\u0440\u043e\u0432\u0435\u0434\u0435\u043d\u043d\u044f\u043c \u0437\u0430\u0439\u043c\u0430\u0454\u0442\u044c\u0441\u044f \u043a\u043e\u043c\u0443\u043d\u0456\u043a\u0430\u0446\u0456\u0439\u043d\u0435 \u0430\u0433\u0435\u043d\u0442\u0441\u0442\u0432\u043e ariadne an der spree.<\/p><p>\u0423 \u0441\u043f\u0456\u0432\u043f\u0440\u0430\u0446\u0456 \u0437 \u0447\u0438\u0441\u043b\u0435\u043d\u043d\u0438\u043c\u0438 \u0435\u0442\u043d\u0456\u0447\u043d\u0438\u043c\u0438 \u0433\u0440\u043e\u043c\u0430\u0434\u0430\u043c\u0438 \u043c\u0438 \u043f\u0440\u043e\u043f\u043e\u043d\u0443\u0454\u043c\u043e \u0431\u0430\u0433\u0430\u0442\u043e\u043c\u043e\u0432\u043d\u0456 \u0441\u0435\u043c\u0456\u043d\u0430\u0440\u0438 \u0437 \u043f\u0456\u0434\u043f\u0440\u0438\u0454\u043c\u043d\u0438\u0446\u0442\u0432\u0430. \u0426\u0456 \u0441\u0435\u043c\u0456\u043d\u0430\u0440\u0438 \u0441\u043f\u0440\u044f\u043c\u043e\u0432\u0430\u043d\u0456 \u043d\u0430 \u043c\u0456\u0436\u043d\u0430\u0440\u043e\u0434\u043d\u0438\u0445 \u043f\u0456\u0434\u043f\u0440\u0438\u0454\u043c\u0446\u0456\u0432, \u0437\u0430\u0446\u0456\u043a\u0430\u0432\u043b\u0435\u043d\u0438\u0445 \u0443 \u0411\u0435\u0440\u043b\u0456\u043d\u0456, \u0456 \u043f\u0440\u043e\u043f\u043e\u043d\u0443\u044e\u0442\u044c \u0456\u043d\u0434\u0438\u0432\u0456\u0434\u0443\u0430\u043b\u044c\u043d\u0456 \u043a\u043e\u043d\u0441\u0443\u043b\u044c\u0442\u0430\u0446\u0456\u0457 \u0442\u0430 \u043c\u043e\u0436\u043b\u0438\u0432\u043e\u0441\u0442\u0456 \u0434\u043b\u044f \u043d\u0430\u043b\u0430\u0433\u043e\u0434\u0436\u0435\u043d\u043d\u044f \u043a\u043e\u043d\u0442\u0430\u043a\u0442\u0456\u0432.<\/p><p>\u0423\u0447\u0430\u0441\u043d\u0438\u043a\u0438 \u043e\u0442\u0440\u0438\u043c\u0443\u044e\u0442\u044c \u0431\u0435\u0437\u043a\u043e\u0448\u0442\u043e\u0432\u043d\u0438\u0439 \u043a\u0432\u0438\u0442\u043e\u043a \u043d\u0430 \u041d\u0456\u043c\u0435\u0446\u044c\u043a\u0456 \u0434\u043d\u0456 \u0437\u0430\u0441\u043d\u043e\u0432\u043d\u0438\u043a\u0456\u0432 \u0442\u0430 \u043f\u0456\u0434\u043f\u0440\u0438\u0454\u043c\u0446\u0456\u0432<a href=\"https:\/\/vielfalt-gruendet.de\/uk\/degut\/\">deGUT<\/a>), einer der wichtigsten Messen f\u00fcr Existenzgr\u00fcndung und Unternehmertum, die am 10. und 11. Oktober 2025 stattfinden. Hier k\u00f6nnen Sie sich mit anderen Gr\u00fcnder*innen, Unternehmer*innen und Berater*innen vernetzen und praxisnahe Seminare und Workshops besuchen.<\/p>\t\t\t\t\t\t\t\t<\/div>\n\t\t\t\t<\/div>\n\t\t\t\t\t<\/div>\n\t\t<\/div>\n\t\t\t\t\t<\/div>\n\t\t<\/section>\n\t\t\t\t<\/div>","protected":false},"excerpt":{"rendered":"<p>Hintergrund Die Seminarreihe Vielfalt gr\u00fcndet\u00a0ist ein Angebot der\u00a0Senatsverwaltung f\u00fcr Wirtschaft, Energie und Betriebe\u00a0und wird seit 2003 durchgef\u00fchrt. Mit der Organisation und Durchf\u00fchrung ist aktuell die Kommunikationsagentur ariadne an der spree beauftragt. In Zusammenarbeit mit zahlreichen ethnischen Communities bieten wir mehrsprachige Existenzgr\u00fcndungsseminare an. Diese Seminare richten sich an internationale Gr\u00fcndungsinteressierte in Berlin und bieten individuelle Beratung [&hellip;]<\/p>\n","protected":false},"author":4,"featured_media":0,"parent":0,"menu_order":0,"comment_status":"closed","ping_status":"closed","template":"","meta":{"footnotes":""},"categories":[],"tags":[],"class_list":["post-11092","page","type-page","status-publish","hentry"],"_links":{"self":[{"href":"https:\/\/vielfalt-gruendet.de\/uk\/wp-json\/wp\/v2\/pages\/11092","targetHints":{"allow":["GET"]}}],"collection":[{"href":"https:\/\/vielfalt-gruendet.de\/uk\/wp-json\/wp\/v2\/pages"}],"about":[{"href":"https:\/\/vielfalt-gruendet.de\/uk\/wp-json\/wp\/v2\/types\/page"}],"author":[{"embeddable":true,"href":"https:\/\/vielfalt-gruendet.de\/uk\/wp-json\/wp\/v2\/users\/4"}],"replies":[{"embeddable":true,"href":"https:\/\/vielfalt-gruendet.de\/uk\/wp-json\/wp\/v2\/comments?post=11092"}],"version-history":[{"count":34,"href":"https:\/\/vielfalt-gruendet.de\/uk\/wp-json\/wp\/v2\/pages\/11092\/revisions"}],"predecessor-version":[{"id":11989,"href":"https:\/\/vielfalt-gruendet.de\/uk\/wp-json\/wp\/v2\/pages\/11092\/revisions\/11989"}],"wp:attachment":[{"href":"https:\/\/vielfalt-gruendet.de\/uk\/wp-json\/wp\/v2\/media?parent=11092"}],"wp:term":[{"taxonomy":"category","embeddable":true,"href":"https:\/\/vielfalt-gruendet.de\/uk\/wp-json\/wp\/v2\/categories?post=11092"},{"taxonomy":"post_tag","embeddable":true,"href":"https:\/\/vielfalt-gruendet.de\/uk\/wp-json\/wp\/v2\/tags?post=11092"}],"curies":[{"name":"wp","href":"https:\/\/api.w.org\/{rel}","templated":true}]}}